{"id":32,"date":"2014-02-25T13:06:20","date_gmt":"2014-02-25T13:06:20","guid":{"rendered":"https:\/\/ascensoresruiz.net\/?page_id=32"},"modified":"2022-11-21T10:34:00","modified_gmt":"2022-11-21T10:34:00","slug":"centres-publics","status":"publish","type":"page","link":"https:\/\/ascensoresruiz.net\/val\/centres-publics\/","title":{"rendered":"Centres p\u00fablics"},"content":{"rendered":"<h1 class=\"p1\"><span class=\"s1\">Centres p\u00fablics<\/span><\/h1>\n<p class=\"p2\"><span class=\"s1\"><br \/>\nHui en dia <b>tot centre p\u00fablic ha de comptar amb un sistema d\u2019ascensors per tal de complir amb la normativa vigent<\/b>. I \u00e9s que, tant a nivell auton\u00f2mic com a nivell estatal, existeixen diferents normes que obliguen tots els edificis p\u00fablics a garantir l\u2019acc\u00e9s i l\u2019\u00fas de les instal\u00b7lacions i dels serveis per part de qualsevol ciutad\u00e0, independentment de si t\u00e9 o no t\u00e9 algun tipus de discapacitat que li dificulte la mobilitat.<\/span><\/p>\n<p class=\"p2\"><span class=\"s1\">En Ascensores Ruiz tenim una gran selecci\u00f3 d\u2019<a href=\"https:\/\/ascensoresruiz.net\/val\/panoramics\/\"><span class=\"s2\">elevadors panor\u00e0mics<\/span><\/a> i interiors que l\u2019ajudaran a complir amb la normativa vigent.<\/span><\/p>\n<p class=\"p2\"><span class=\"s1\">A m\u00e9s, <b>per als nostres professionals cada cas \u00e9s \u00fanic<\/b> i, per aix\u00f2, amb cada client ens esforcem al m\u00e0xim per esbrinar no nom\u00e9s quina \u00e9s l\u2019arquitectura del seu edifici (l\u2019espai disponible, el n\u00famero de plantes que cal cobrir, etc.), sin\u00f3 tamb\u00e9 totes les seues necessitats (el n\u00famero d\u2019ascensors que necessita, el tr\u00e0nsit diari de persones que rep, el tipus de c\u00e0rregues que haurien de moure els elevadors,etc.). <b>D\u2019aquesta manera, en Ascensores Ruiz dissenyem i fabriquem cadascun dels nostres dispositius pensant en cobrir tots els requisits de cada client en particular.<\/b><\/span><\/p>\n<p class=\"p2\"><span class=\"s1\">Aix\u00ed mateix, el nostre departament t\u00e8cnic s\u2019encarrega d\u2019idear i de desenvolupar noves tecnologies amb la finalitat de millorar les propietats dels nostres dispositius i, en conseq\u00fc\u00e8ncia, el servei que li prestem a trav\u00e9s d\u2019aquests dispositius.<\/span><\/p>\n<p class=\"p2\"><span class=\"s1\">Amb <b>Ascensores Ruiz<\/b> disposar\u00e0 d\u2019un servei personalitzat i directe d\u2019una empresa amb m\u00e9s de cent anys d\u2019experi\u00e8ncia en el sector i avalada amb els <\/span><span class=\"s3\">certificats de qualitat<\/span><span class=\"s1\"> m\u00e9s exigents.<\/span><\/p>\n","protected":false},"excerpt":{"rendered":"<p>Centres p\u00fablics Hui en dia tot centre p\u00fablic ha de comptar amb un sistema d\u2019ascensors per tal de complir amb la normativa vigent. I \u00e9s que, tant a nivell auton\u00f2mic com a nivell estatal, existeixen diferents normes que obliguen tots els edificis p\u00fablics a garantir l\u2019acc\u00e9s i l\u2019\u00fas de les instal\u00b7lacions i dels serveis per [&hellip;]<\/p>\n","protected":false},"author":1,"featured_media":0,"parent":0,"menu_order":0,"comment_status":"closed","ping_status":"open","template":"","meta":{"_bbp_topic_count":0,"_bbp_reply_count":0,"_bbp_total_topic_count":0,"_bbp_total_reply_count":0,"_bbp_voice_count":0,"_bbp_anonymous_reply_count":0,"_bbp_topic_count_hidden":0,"_bbp_reply_count_hidden":0,"_bbp_forum_subforum_count":0,"footnotes":""},"class_list":["post-32","page","type-page","status-publish","hentry"],"yoast_head":"<!-- This site is optimized with the Yoast SEO plugin v27.5 - https:\/\/yoast.com\/product\/yoast-seo-wordpress\/ -->\n<title>Ascensors centres publics<\/title>\n<meta name=\"description\" content=\"ASCENSORS RUIZ. Tot centre p\u00fablic ha de comptar amb un sistema dascensors per poder complir amb la normativa vigent\" \/>\n<meta name=\"robots\" content=\"index, follow, max-snippet:-1, max-image-preview:large, max-video-preview:-1\" \/>\n<link rel=\"canonical\" href=\"https:\/\/ascensoresruiz.net\/val\/centres-publics\/\" \/>\n<meta property=\"og:locale\" content=\"es_ES\" \/>\n<meta property=\"og:type\" content=\"article\" \/>\n<meta property=\"og:title\" content=\"Ascensors centres publics\" \/>\n<meta property=\"og:description\" content=\"ASCENSORS RUIZ. Tot centre p\u00fablic ha de comptar amb un sistema dascensors per poder complir amb la normativa vigent\" \/>\n<meta property=\"og:url\" content=\"https:\/\/ascensoresruiz.net\/val\/centres-publics\/\" \/>\n<meta property=\"og:site_name\" content=\"Ascensores Ruiz\" \/>\n<meta property=\"article:publisher\" content=\"https:\/\/www.facebook.com\/pages\/Ascensores-Ruiz\/575215262553822?ref=hl\" \/>\n<meta property=\"article:modified_time\" content=\"2022-11-21T10:34:00+00:00\" \/>\n<meta property=\"og:image\" content=\"https:\/\/ascensoresruiz.net\/val\/wp-content\/uploads\/2025\/12\/ascensores_ruiz_net_logo.webp\" \/>\n\t<meta property=\"og:image:width\" content=\"125\" \/>\n\t<meta property=\"og:image:height\" content=\"163\" \/>\n\t<meta property=\"og:image:type\" content=\"image\/webp\" \/>\n<meta name=\"twitter:label1\" content=\"Tiempo de lectura\" \/>\n\t<meta name=\"twitter:data1\" content=\"1 minuto\" \/>\n<script type=\"application\/ld+json\" class=\"yoast-schema-graph\">{\"@context\":\"https:\\\/\\\/schema.org\",\"@graph\":[{\"@type\":\"WebPage\",\"@id\":\"https:\\\/\\\/ascensoresruiz.net\\\/val\\\/centres-publics\\\/\",\"url\":\"https:\\\/\\\/ascensoresruiz.net\\\/val\\\/centres-publics\\\/\",\"name\":\"Ascensors centres publics\",\"isPartOf\":{\"@id\":\"https:\\\/\\\/ascensoresruiz.net\\\/val\\\/#website\"},\"datePublished\":\"2014-02-25T13:06:20+00:00\",\"dateModified\":\"2022-11-21T10:34:00+00:00\",\"description\":\"ASCENSORS RUIZ. Tot centre p\u00fablic ha de comptar amb un sistema dascensors per poder complir amb la normativa vigent\",\"breadcrumb\":{\"@id\":\"https:\\\/\\\/ascensoresruiz.net\\\/val\\\/centres-publics\\\/#breadcrumb\"},\"inLanguage\":\"es\",\"potentialAction\":[{\"@type\":\"ReadAction\",\"target\":[\"https:\\\/\\\/ascensoresruiz.net\\\/val\\\/centres-publics\\\/\"]}]},{\"@type\":\"BreadcrumbList\",\"@id\":\"https:\\\/\\\/ascensoresruiz.net\\\/val\\\/centres-publics\\\/#breadcrumb\",\"itemListElement\":[{\"@type\":\"ListItem\",\"position\":1,\"name\":\"Home\",\"item\":\"https:\\\/\\\/ascensoresruiz.net\\\/val\\\/\"},{\"@type\":\"ListItem\",\"position\":2,\"name\":\"Centres p\u00fablics\"}]},{\"@type\":\"WebSite\",\"@id\":\"https:\\\/\\\/ascensoresruiz.net\\\/val\\\/#website\",\"url\":\"https:\\\/\\\/ascensoresruiz.net\\\/val\\\/\",\"name\":\"Ascensores Ruiz\",\"description\":\"M\u00e9s de 100 anys treballant amb ascensors a Val\u00e8ncia\",\"publisher\":{\"@id\":\"https:\\\/\\\/ascensoresruiz.net\\\/val\\\/#organization\"},\"alternateName\":\"Ascensores Ruiz\",\"potentialAction\":[{\"@type\":\"SearchAction\",\"target\":{\"@type\":\"EntryPoint\",\"urlTemplate\":\"https:\\\/\\\/ascensoresruiz.net\\\/val\\\/?s={search_term_string}\"},\"query-input\":{\"@type\":\"PropertyValueSpecification\",\"valueRequired\":true,\"valueName\":\"search_term_string\"}}],\"inLanguage\":\"es\"},{\"@type\":\"Organization\",\"@id\":\"https:\\\/\\\/ascensoresruiz.net\\\/val\\\/#organization\",\"name\":\"Ascensores Ruiz\",\"alternateName\":\"Ascensores Ruiz\",\"url\":\"https:\\\/\\\/ascensoresruiz.net\\\/val\\\/\",\"logo\":{\"@type\":\"ImageObject\",\"inLanguage\":\"es\",\"@id\":\"https:\\\/\\\/ascensoresruiz.net\\\/val\\\/#\\\/schema\\\/logo\\\/image\\\/\",\"url\":\"https:\\\/\\\/ascensoresruiz.net\\\/val\\\/wp-content\\\/uploads\\\/2025\\\/12\\\/ascensores_ruiz_net_logo.webp\",\"contentUrl\":\"https:\\\/\\\/ascensoresruiz.net\\\/val\\\/wp-content\\\/uploads\\\/2025\\\/12\\\/ascensores_ruiz_net_logo.webp\",\"width\":125,\"height\":163,\"caption\":\"Ascensores Ruiz\"},\"image\":{\"@id\":\"https:\\\/\\\/ascensoresruiz.net\\\/val\\\/#\\\/schema\\\/logo\\\/image\\\/\"},\"sameAs\":[\"https:\\\/\\\/www.facebook.com\\\/pages\\\/Ascensores-Ruiz\\\/575215262553822?ref=hl\",\"https:\\\/\\\/www.linkedin.com\\\/company\\\/ascensores-valencia-ruiz\\\/\"]}]}<\/script>\n<!-- \/ Yoast SEO plugin. -->","yoast_head_json":{"title":"Ascensors centres publics","description":"ASCENSORS RUIZ. Tot centre p\u00fablic ha de comptar amb un sistema dascensors per poder complir amb la normativa vigent","robots":{"index":"index","follow":"follow","max-snippet":"max-snippet:-1","max-image-preview":"max-image-preview:large","max-video-preview":"max-video-preview:-1"},"canonical":"https:\/\/ascensoresruiz.net\/val\/centres-publics\/","og_locale":"es_ES","og_type":"article","og_title":"Ascensors centres publics","og_description":"ASCENSORS RUIZ. Tot centre p\u00fablic ha de comptar amb un sistema dascensors per poder complir amb la normativa vigent","og_url":"https:\/\/ascensoresruiz.net\/val\/centres-publics\/","og_site_name":"Ascensores Ruiz","article_publisher":"https:\/\/www.facebook.com\/pages\/Ascensores-Ruiz\/575215262553822?ref=hl","article_modified_time":"2022-11-21T10:34:00+00:00","og_image":[{"width":125,"height":163,"url":"https:\/\/ascensoresruiz.net\/val\/wp-content\/uploads\/2025\/12\/ascensores_ruiz_net_logo.webp","type":"image\/webp"}],"twitter_misc":{"Tiempo de lectura":"1 minuto"},"schema":{"@context":"https:\/\/schema.org","@graph":[{"@type":"WebPage","@id":"https:\/\/ascensoresruiz.net\/val\/centres-publics\/","url":"https:\/\/ascensoresruiz.net\/val\/centres-publics\/","name":"Ascensors centres publics","isPartOf":{"@id":"https:\/\/ascensoresruiz.net\/val\/#website"},"datePublished":"2014-02-25T13:06:20+00:00","dateModified":"2022-11-21T10:34:00+00:00","description":"ASCENSORS RUIZ. Tot centre p\u00fablic ha de comptar amb un sistema dascensors per poder complir amb la normativa vigent","breadcrumb":{"@id":"https:\/\/ascensoresruiz.net\/val\/centres-publics\/#breadcrumb"},"inLanguage":"es","potentialAction":[{"@type":"ReadAction","target":["https:\/\/ascensoresruiz.net\/val\/centres-publics\/"]}]},{"@type":"BreadcrumbList","@id":"https:\/\/ascensoresruiz.net\/val\/centres-publics\/#breadcrumb","itemListElement":[{"@type":"ListItem","position":1,"name":"Home","item":"https:\/\/ascensoresruiz.net\/val\/"},{"@type":"ListItem","position":2,"name":"Centres p\u00fablics"}]},{"@type":"WebSite","@id":"https:\/\/ascensoresruiz.net\/val\/#website","url":"https:\/\/ascensoresruiz.net\/val\/","name":"Ascensores Ruiz","description":"M\u00e9s de 100 anys treballant amb ascensors a Val\u00e8ncia","publisher":{"@id":"https:\/\/ascensoresruiz.net\/val\/#organization"},"alternateName":"Ascensores Ruiz","potentialAction":[{"@type":"SearchAction","target":{"@type":"EntryPoint","urlTemplate":"https:\/\/ascensoresruiz.net\/val\/?s={search_term_string}"},"query-input":{"@type":"PropertyValueSpecification","valueRequired":true,"valueName":"search_term_string"}}],"inLanguage":"es"},{"@type":"Organization","@id":"https:\/\/ascensoresruiz.net\/val\/#organization","name":"Ascensores Ruiz","alternateName":"Ascensores Ruiz","url":"https:\/\/ascensoresruiz.net\/val\/","logo":{"@type":"ImageObject","inLanguage":"es","@id":"https:\/\/ascensoresruiz.net\/val\/#\/schema\/logo\/image\/","url":"https:\/\/ascensoresruiz.net\/val\/wp-content\/uploads\/2025\/12\/ascensores_ruiz_net_logo.webp","contentUrl":"https:\/\/ascensoresruiz.net\/val\/wp-content\/uploads\/2025\/12\/ascensores_ruiz_net_logo.webp","width":125,"height":163,"caption":"Ascensores Ruiz"},"image":{"@id":"https:\/\/ascensoresruiz.net\/val\/#\/schema\/logo\/image\/"},"sameAs":["https:\/\/www.facebook.com\/pages\/Ascensores-Ruiz\/575215262553822?ref=hl","https:\/\/www.linkedin.com\/company\/ascensores-valencia-ruiz\/"]}]}},"_links":{"self":[{"href":"https:\/\/ascensoresruiz.net\/val\/wp-json\/wp\/v2\/pages\/32","targetHints":{"allow":["GET"]}}],"collection":[{"href":"https:\/\/ascensoresruiz.net\/val\/wp-json\/wp\/v2\/pages"}],"about":[{"href":"https:\/\/ascensoresruiz.net\/val\/wp-json\/wp\/v2\/types\/page"}],"author":[{"embeddable":true,"href":"https:\/\/ascensoresruiz.net\/val\/wp-json\/wp\/v2\/users\/1"}],"replies":[{"embeddable":true,"href":"https:\/\/ascensoresruiz.net\/val\/wp-json\/wp\/v2\/comments?post=32"}],"version-history":[{"count":5,"href":"https:\/\/ascensoresruiz.net\/val\/wp-json\/wp\/v2\/pages\/32\/revisions"}],"predecessor-version":[{"id":925,"href":"https:\/\/ascensoresruiz.net\/val\/wp-json\/wp\/v2\/pages\/32\/revisions\/925"}],"wp:attachment":[{"href":"https:\/\/ascensoresruiz.net\/val\/wp-json\/wp\/v2\/media?parent=32"}],"curies":[{"name":"wp","href":"https:\/\/api.w.org\/{rel}","templated":true}]}}