{"id":46,"date":"2014-02-25T14:05:44","date_gmt":"2014-02-25T14:05:44","guid":{"rendered":"https:\/\/ascensoresruiz.net\/?page_id=46"},"modified":"2024-02-05T10:57:10","modified_gmt":"2024-02-05T10:57:10","slug":"rehabilitacio","status":"publish","type":"page","link":"https:\/\/ascensoresruiz.net\/val\/rehabilitacio\/","title":{"rendered":"Rehabilitaci\u00f3"},"content":{"rendered":"<p><img loading=\"lazy\" decoding=\"async\" class=\"hello\" style=\"padding: 20px;\" src=\"https:\/\/ascensoresruiz.net\/val\/wp-content\/uploads\/2024\/02\/ascensores_ruiz_rehabilitacio.jpg\" alt=\"rehabilitaci\u00f3 d'ascensors\" width=\"420\" height=\"784\" align=\"left\" \/><\/p>\n<h1 class=\"p1\"><span class=\"s1\"><b>Rehabilitaci\u00f3<\/b><\/span><\/h1>\n<p class=\"p2\"><span class=\"s1\">En el cas dels edificis de nova construcci\u00f3, tant instal\u00b7lar un ascensor de qualsevol tipus com garantir l\u2019acc\u00e9s de qualsevol persona independentment que tinga o no tinga una discapacitat, no suposa cap altra complicaci\u00f3 que incloure aquests projectes en el disseny arquitect\u00f2nic previ a la construcci\u00f3. En canvi, en els edificis de construcci\u00f3 antiga, aquestes tasques presenten m\u00e9s complicacions i fan necess\u00e0ria la rehabilitaci\u00f3.<\/span><\/p>\n<p class=\"p2\"><span class=\"s1\">Per\u00f2, a qu\u00e8 ens referim exactament quan parlem de rehabilitar un edifici de construcci\u00f3 antiga? <b>Una rehabilitaci\u00f3 senzillament es tracta d\u2019adequar els accessos i les instal\u00b7lacions a la legislaci\u00f3 vigent<\/b> que, tant a nivell estatal com a nivell auton\u00f2mic, ordena garantir l\u2019acc\u00e9s de tots els ciutadans a qualsevol edifici p\u00fablic o privat. Per\u00f2 no nom\u00e9s aix\u00f2, rehabilitar tamb\u00e9 pot significar la <b>modernitzaci\u00f3 d\u2019ascensors<\/b>: canviar la cabina, el quadre de comandament o el disseny, instal\u00b7lar mesures d\u2019estalvi energ\u00e8tic, contemplar la possibilitat de substituir-lo per un ascensor panor\u00e0mic, etc. <\/span><\/p>\n<p class=\"p2\"><span class=\"s1\">Les edificacions antigues requereixen minuciositat i creativitat per a la instal\u00b7laci\u00f3 d\u2019un ascensor i la nostra \u00e0mplia experi\u00e8ncia ens avala en aquest tipus d\u2019aplicacions. Per\u00f2, qu\u00e8 \u00e9s exactament el que oferim en <b>Ascensores Ruiz<\/b>:<\/span><\/p>\n<h2 class=\"p2\"><span class=\"s1\"><b>Solucions a mida<\/b><\/span><\/h2>\n<p class=\"p2\"><span class=\"s1\">En la nostra companyia sabem que no existeixen les necessitats estandarditzades, sin\u00f3 necessitats espec\u00edfiques per a cada client, especialment en la rehabilitaci\u00f3 de vivendes antigues. Per aix\u00f2, des de fa m\u00e9s de cent anys <b>ens hem especialitzat en aportar solucions personalitzades<\/b>. Fabriquem i dissenyem les nostres pr\u00f2pies cabines basant-nos en les exig\u00e8ncies de cada client.<\/span><\/p>\n<h2 class=\"p2\"><span class=\"s1\"><b>Innovaci\u00f3 i qualitat<\/b><\/span><\/h2>\n<p class=\"p2\"><span class=\"s1\">Les nostres solucions s\u00f3n innovadores perqu\u00e8 apliquem les \u00faltimes tecnologies en tots els processos de disseny i de fabricaci\u00f3. Incorporem en els processos de producci\u00f3, d\u2019instal\u00b7laci\u00f3 i de manteniment d\u2019ascensors la garantia de qualitat ISO 90001 certificada per T\u00dcV, una prestigiosa empresa alemanya de certificacions.<\/span><\/p>\n<h2 class=\"p2\"><span class=\"s1\"><b>Servei complet<\/b><\/span><\/h2>\n<p class=\"p2\"><span class=\"s1\">Sovint, el fet de desenvolupar un projecte d\u2019instal\u00b7laci\u00f3 d\u2019un ascensor comporta certes incomoditats per a l\u2019usuari. Amb Ascensores Ruiz no s\u2019haur\u00e0 de preocupar per res perqu\u00e8 <b>nosaltres ens n\u2019encarreguem de tot<\/b>: tr\u00e0mits administratius, possibles subvencions, etc. El nostre estudi d\u2019arquitectura desenvolupar\u00e0 el projecte d\u2019obra i se\u2019n far\u00e0 c\u00e0rrec de la legalitzaci\u00f3 i del desenvolupament, aportant els professionals necessaris (obra, electricitat, serralleria, etc.) i contractant empreses de total confian\u00e7a que compleixen amb la normativa vigent.<\/span><\/p>\n<h2 class=\"p2\"><span class=\"s1\"><b>Efici\u00e8ncia energ\u00e8tica<\/b><\/span><\/h2>\n<p class=\"p2\"><span class=\"s1\">En la instal\u00b7laci\u00f3 d\u2019un nou elevador tot \u00e9s important, i el consum n\u2019\u00e9s un exemple. En Ascensores Ruiz podem, en funci\u00f3 de les necessitats, incorporar motors de baix consum, il\u00b7luminaci\u00f3 intel\u00b7ligent i il\u00b7luminaci\u00f3 mitjan\u00e7ant leds. Consulte les nostres solucions d\u2019estalvi energ\u00e8tic. Es veur\u00e0 beneficiat.<\/span><\/p>\n","protected":false},"excerpt":{"rendered":"<p>Rehabilitaci\u00f3 En el cas dels edificis de nova construcci\u00f3, tant instal\u00b7lar un ascensor de qualsevol tipus com garantir l\u2019acc\u00e9s de qualsevol persona independentment que tinga o no tinga una discapacitat, no suposa cap altra complicaci\u00f3 que incloure aquests projectes en el disseny arquitect\u00f2nic previ a la construcci\u00f3. En canvi, en els edificis de construcci\u00f3 antiga, [&hellip;]<\/p>\n","protected":false},"author":1,"featured_media":0,"parent":0,"menu_order":0,"comment_status":"closed","ping_status":"open","template":"","meta":{"_bbp_topic_count":0,"_bbp_reply_count":0,"_bbp_total_topic_count":0,"_bbp_total_reply_count":0,"_bbp_voice_count":0,"_bbp_anonymous_reply_count":0,"_bbp_topic_count_hidden":0,"_bbp_reply_count_hidden":0,"_bbp_forum_subforum_count":0,"footnotes":""},"class_list":["post-46","page","type-page","status-publish","hentry"],"yoast_head":"<!-- This site is optimized with the Yoast SEO plugin v27.5 - https:\/\/yoast.com\/product\/yoast-seo-wordpress\/ -->\n<title>Rehabilitaci\u00f3<\/title>\n<meta name=\"description\" content=\"ASCENSORS RUIZ. Rehabilitar edificis de construcci\u00f3 antiga, adequant els accessos i les instal\u00b7lacions dels mateixos a la legislaci\u00f3 vigent\" \/>\n<meta name=\"robots\" content=\"index, follow, max-snippet:-1, max-image-preview:large, max-video-preview:-1\" \/>\n<link rel=\"canonical\" href=\"https:\/\/ascensoresruiz.net\/val\/rehabilitacio\/\" \/>\n<meta property=\"og:locale\" content=\"es_ES\" \/>\n<meta property=\"og:type\" content=\"article\" \/>\n<meta property=\"og:title\" content=\"Rehabilitaci\u00f3\" \/>\n<meta property=\"og:description\" content=\"ASCENSORS RUIZ. Rehabilitar edificis de construcci\u00f3 antiga, adequant els accessos i les instal\u00b7lacions dels mateixos a la legislaci\u00f3 vigent\" \/>\n<meta property=\"og:url\" content=\"https:\/\/ascensoresruiz.net\/val\/rehabilitacio\/\" \/>\n<meta property=\"og:site_name\" content=\"Ascensores Ruiz\" \/>\n<meta property=\"article:publisher\" content=\"https:\/\/www.facebook.com\/pages\/Ascensores-Ruiz\/575215262553822?ref=hl\" \/>\n<meta property=\"article:modified_time\" content=\"2024-02-05T10:57:10+00:00\" \/>\n<meta property=\"og:image\" content=\"https:\/\/ascensoresruiz.net\/val\/wp-content\/uploads\/2024\/02\/ascensores_ruiz_rehabilitacio.jpg\" \/>\n<meta name=\"twitter:label1\" content=\"Tiempo de lectura\" \/>\n\t<meta name=\"twitter:data1\" content=\"2 minutos\" \/>\n<script type=\"application\/ld+json\" class=\"yoast-schema-graph\">{\"@context\":\"https:\\\/\\\/schema.org\",\"@graph\":[{\"@type\":\"WebPage\",\"@id\":\"https:\\\/\\\/ascensoresruiz.net\\\/val\\\/rehabilitacio\\\/\",\"url\":\"https:\\\/\\\/ascensoresruiz.net\\\/val\\\/rehabilitacio\\\/\",\"name\":\"Rehabilitaci\u00f3\",\"isPartOf\":{\"@id\":\"https:\\\/\\\/ascensoresruiz.net\\\/val\\\/#website\"},\"primaryImageOfPage\":{\"@id\":\"https:\\\/\\\/ascensoresruiz.net\\\/val\\\/rehabilitacio\\\/#primaryimage\"},\"image\":{\"@id\":\"https:\\\/\\\/ascensoresruiz.net\\\/val\\\/rehabilitacio\\\/#primaryimage\"},\"thumbnailUrl\":\"https:\\\/\\\/ascensoresruiz.net\\\/val\\\/wp-content\\\/uploads\\\/2024\\\/02\\\/ascensores_ruiz_rehabilitacio.jpg\",\"datePublished\":\"2014-02-25T14:05:44+00:00\",\"dateModified\":\"2024-02-05T10:57:10+00:00\",\"description\":\"ASCENSORS RUIZ. Rehabilitar edificis de construcci\u00f3 antiga, adequant els accessos i les instal\u00b7lacions dels mateixos a la legislaci\u00f3 vigent\",\"breadcrumb\":{\"@id\":\"https:\\\/\\\/ascensoresruiz.net\\\/val\\\/rehabilitacio\\\/#breadcrumb\"},\"inLanguage\":\"es\",\"potentialAction\":[{\"@type\":\"ReadAction\",\"target\":[\"https:\\\/\\\/ascensoresruiz.net\\\/val\\\/rehabilitacio\\\/\"]}]},{\"@type\":\"ImageObject\",\"inLanguage\":\"es\",\"@id\":\"https:\\\/\\\/ascensoresruiz.net\\\/val\\\/rehabilitacio\\\/#primaryimage\",\"url\":\"https:\\\/\\\/ascensoresruiz.net\\\/val\\\/wp-content\\\/uploads\\\/2024\\\/02\\\/ascensores_ruiz_rehabilitacio.jpg\",\"contentUrl\":\"https:\\\/\\\/ascensoresruiz.net\\\/val\\\/wp-content\\\/uploads\\\/2024\\\/02\\\/ascensores_ruiz_rehabilitacio.jpg\",\"width\":420,\"height\":784,\"caption\":\"ascensores ruiz rehabilitacio\"},{\"@type\":\"BreadcrumbList\",\"@id\":\"https:\\\/\\\/ascensoresruiz.net\\\/val\\\/rehabilitacio\\\/#breadcrumb\",\"itemListElement\":[{\"@type\":\"ListItem\",\"position\":1,\"name\":\"Home\",\"item\":\"https:\\\/\\\/ascensoresruiz.net\\\/val\\\/\"},{\"@type\":\"ListItem\",\"position\":2,\"name\":\"Rehabilitaci\u00f3\"}]},{\"@type\":\"WebSite\",\"@id\":\"https:\\\/\\\/ascensoresruiz.net\\\/val\\\/#website\",\"url\":\"https:\\\/\\\/ascensoresruiz.net\\\/val\\\/\",\"name\":\"Ascensores Ruiz\",\"description\":\"M\u00e9s de 100 anys treballant amb ascensors a Val\u00e8ncia\",\"publisher\":{\"@id\":\"https:\\\/\\\/ascensoresruiz.net\\\/val\\\/#organization\"},\"alternateName\":\"Ascensores Ruiz\",\"potentialAction\":[{\"@type\":\"SearchAction\",\"target\":{\"@type\":\"EntryPoint\",\"urlTemplate\":\"https:\\\/\\\/ascensoresruiz.net\\\/val\\\/?s={search_term_string}\"},\"query-input\":{\"@type\":\"PropertyValueSpecification\",\"valueRequired\":true,\"valueName\":\"search_term_string\"}}],\"inLanguage\":\"es\"},{\"@type\":\"Organization\",\"@id\":\"https:\\\/\\\/ascensoresruiz.net\\\/val\\\/#organization\",\"name\":\"Ascensores Ruiz\",\"alternateName\":\"Ascensores Ruiz\",\"url\":\"https:\\\/\\\/ascensoresruiz.net\\\/val\\\/\",\"logo\":{\"@type\":\"ImageObject\",\"inLanguage\":\"es\",\"@id\":\"https:\\\/\\\/ascensoresruiz.net\\\/val\\\/#\\\/schema\\\/logo\\\/image\\\/\",\"url\":\"https:\\\/\\\/ascensoresruiz.net\\\/val\\\/wp-content\\\/uploads\\\/2025\\\/12\\\/ascensores_ruiz_net_logo.webp\",\"contentUrl\":\"https:\\\/\\\/ascensoresruiz.net\\\/val\\\/wp-content\\\/uploads\\\/2025\\\/12\\\/ascensores_ruiz_net_logo.webp\",\"width\":125,\"height\":163,\"caption\":\"Ascensores Ruiz\"},\"image\":{\"@id\":\"https:\\\/\\\/ascensoresruiz.net\\\/val\\\/#\\\/schema\\\/logo\\\/image\\\/\"},\"sameAs\":[\"https:\\\/\\\/www.facebook.com\\\/pages\\\/Ascensores-Ruiz\\\/575215262553822?ref=hl\",\"https:\\\/\\\/www.linkedin.com\\\/company\\\/ascensores-valencia-ruiz\\\/\"]}]}<\/script>\n<!-- \/ Yoast SEO plugin. -->","yoast_head_json":{"title":"Rehabilitaci\u00f3","description":"ASCENSORS RUIZ. Rehabilitar edificis de construcci\u00f3 antiga, adequant els accessos i les instal\u00b7lacions dels mateixos a la legislaci\u00f3 vigent","robots":{"index":"index","follow":"follow","max-snippet":"max-snippet:-1","max-image-preview":"max-image-preview:large","max-video-preview":"max-video-preview:-1"},"canonical":"https:\/\/ascensoresruiz.net\/val\/rehabilitacio\/","og_locale":"es_ES","og_type":"article","og_title":"Rehabilitaci\u00f3","og_description":"ASCENSORS RUIZ. Rehabilitar edificis de construcci\u00f3 antiga, adequant els accessos i les instal\u00b7lacions dels mateixos a la legislaci\u00f3 vigent","og_url":"https:\/\/ascensoresruiz.net\/val\/rehabilitacio\/","og_site_name":"Ascensores Ruiz","article_publisher":"https:\/\/www.facebook.com\/pages\/Ascensores-Ruiz\/575215262553822?ref=hl","article_modified_time":"2024-02-05T10:57:10+00:00","og_image":[{"url":"https:\/\/ascensoresruiz.net\/val\/wp-content\/uploads\/2024\/02\/ascensores_ruiz_rehabilitacio.jpg","type":"","width":"","height":""}],"twitter_misc":{"Tiempo de lectura":"2 minutos"},"schema":{"@context":"https:\/\/schema.org","@graph":[{"@type":"WebPage","@id":"https:\/\/ascensoresruiz.net\/val\/rehabilitacio\/","url":"https:\/\/ascensoresruiz.net\/val\/rehabilitacio\/","name":"Rehabilitaci\u00f3","isPartOf":{"@id":"https:\/\/ascensoresruiz.net\/val\/#website"},"primaryImageOfPage":{"@id":"https:\/\/ascensoresruiz.net\/val\/rehabilitacio\/#primaryimage"},"image":{"@id":"https:\/\/ascensoresruiz.net\/val\/rehabilitacio\/#primaryimage"},"thumbnailUrl":"https:\/\/ascensoresruiz.net\/val\/wp-content\/uploads\/2024\/02\/ascensores_ruiz_rehabilitacio.jpg","datePublished":"2014-02-25T14:05:44+00:00","dateModified":"2024-02-05T10:57:10+00:00","description":"ASCENSORS RUIZ. Rehabilitar edificis de construcci\u00f3 antiga, adequant els accessos i les instal\u00b7lacions dels mateixos a la legislaci\u00f3 vigent","breadcrumb":{"@id":"https:\/\/ascensoresruiz.net\/val\/rehabilitacio\/#breadcrumb"},"inLanguage":"es","potentialAction":[{"@type":"ReadAction","target":["https:\/\/ascensoresruiz.net\/val\/rehabilitacio\/"]}]},{"@type":"ImageObject","inLanguage":"es","@id":"https:\/\/ascensoresruiz.net\/val\/rehabilitacio\/#primaryimage","url":"https:\/\/ascensoresruiz.net\/val\/wp-content\/uploads\/2024\/02\/ascensores_ruiz_rehabilitacio.jpg","contentUrl":"https:\/\/ascensoresruiz.net\/val\/wp-content\/uploads\/2024\/02\/ascensores_ruiz_rehabilitacio.jpg","width":420,"height":784,"caption":"ascensores ruiz rehabilitacio"},{"@type":"BreadcrumbList","@id":"https:\/\/ascensoresruiz.net\/val\/rehabilitacio\/#breadcrumb","itemListElement":[{"@type":"ListItem","position":1,"name":"Home","item":"https:\/\/ascensoresruiz.net\/val\/"},{"@type":"ListItem","position":2,"name":"Rehabilitaci\u00f3"}]},{"@type":"WebSite","@id":"https:\/\/ascensoresruiz.net\/val\/#website","url":"https:\/\/ascensoresruiz.net\/val\/","name":"Ascensores Ruiz","description":"M\u00e9s de 100 anys treballant amb ascensors a Val\u00e8ncia","publisher":{"@id":"https:\/\/ascensoresruiz.net\/val\/#organization"},"alternateName":"Ascensores Ruiz","potentialAction":[{"@type":"SearchAction","target":{"@type":"EntryPoint","urlTemplate":"https:\/\/ascensoresruiz.net\/val\/?s={search_term_string}"},"query-input":{"@type":"PropertyValueSpecification","valueRequired":true,"valueName":"search_term_string"}}],"inLanguage":"es"},{"@type":"Organization","@id":"https:\/\/ascensoresruiz.net\/val\/#organization","name":"Ascensores Ruiz","alternateName":"Ascensores Ruiz","url":"https:\/\/ascensoresruiz.net\/val\/","logo":{"@type":"ImageObject","inLanguage":"es","@id":"https:\/\/ascensoresruiz.net\/val\/#\/schema\/logo\/image\/","url":"https:\/\/ascensoresruiz.net\/val\/wp-content\/uploads\/2025\/12\/ascensores_ruiz_net_logo.webp","contentUrl":"https:\/\/ascensoresruiz.net\/val\/wp-content\/uploads\/2025\/12\/ascensores_ruiz_net_logo.webp","width":125,"height":163,"caption":"Ascensores Ruiz"},"image":{"@id":"https:\/\/ascensoresruiz.net\/val\/#\/schema\/logo\/image\/"},"sameAs":["https:\/\/www.facebook.com\/pages\/Ascensores-Ruiz\/575215262553822?ref=hl","https:\/\/www.linkedin.com\/company\/ascensores-valencia-ruiz\/"]}]}},"_links":{"self":[{"href":"https:\/\/ascensoresruiz.net\/val\/wp-json\/wp\/v2\/pages\/46","targetHints":{"allow":["GET"]}}],"collection":[{"href":"https:\/\/ascensoresruiz.net\/val\/wp-json\/wp\/v2\/pages"}],"about":[{"href":"https:\/\/ascensoresruiz.net\/val\/wp-json\/wp\/v2\/types\/page"}],"author":[{"embeddable":true,"href":"https:\/\/ascensoresruiz.net\/val\/wp-json\/wp\/v2\/users\/1"}],"replies":[{"embeddable":true,"href":"https:\/\/ascensoresruiz.net\/val\/wp-json\/wp\/v2\/comments?post=46"}],"version-history":[{"count":13,"href":"https:\/\/ascensoresruiz.net\/val\/wp-json\/wp\/v2\/pages\/46\/revisions"}],"predecessor-version":[{"id":1002,"href":"https:\/\/ascensoresruiz.net\/val\/wp-json\/wp\/v2\/pages\/46\/revisions\/1002"}],"wp:attachment":[{"href":"https:\/\/ascensoresruiz.net\/val\/wp-json\/wp\/v2\/media?parent=46"}],"curies":[{"name":"wp","href":"https:\/\/api.w.org\/{rel}","templated":true}]}}