{"id":468,"date":"2014-03-04T19:25:42","date_gmt":"2014-03-04T19:25:42","guid":{"rendered":"https:\/\/ascensoresruiz.net\/?page_id=468"},"modified":"2024-02-05T12:42:55","modified_gmt":"2024-02-05T12:42:55","slug":"ascensors-hidraulics","status":"publish","type":"page","link":"https:\/\/ascensoresruiz.net\/val\/ascensors-hidraulics\/","title":{"rendered":"Ascensors hidr\u00e0ulics"},"content":{"rendered":"<div id=\"margen\"><img loading=\"lazy\" decoding=\"async\" class=\"alignleft size-full wp-image-1022\" style=\"padding: 20px;\" src=\"https:\/\/ascensoresruiz.net\/val\/wp-content\/uploads\/2024\/02\/ascensor_hidraulic_elevadors.jpg\" alt=\"ascensor hidraulic\" width=\"350\" height=\"535\" srcset=\"https:\/\/ascensoresruiz.net\/val\/wp-content\/uploads\/2024\/02\/ascensor_hidraulic_elevadors.jpg 350w, https:\/\/ascensoresruiz.net\/val\/wp-content\/uploads\/2024\/02\/ascensor_hidraulic_elevadors-196x300.jpg 196w\" sizes=\"auto, (max-width: 350px) 100vw, 350px\" \/><\/div>\n<h1>Ascensors hidr\u00e0ulics<\/h1>\n<p>Els <b>ascensors hidr\u00e0ulics<\/b> o oleodin\u00e0mics i els elevadors el\u00e8ctrics mantenen moltes difer\u00e8ncies entre si. Per\u00f2 la m\u00e9s important \u00e9s el mecanisme que els posa en funcionament. D&#8217;aquesta manera, mentre que els ascensors el\u00e8ctrics nom\u00e9s necessiten un motor el\u00e8ctric per posar-se en moviment i gasten energia tant a la pujada com a la baixada, un <b>elevador hidr\u00e0ulic<\/b> requereix a m\u00e9s d&#8217;una bomba d&#8217;oli per\u00f2 nom\u00e9s gasta energia en els ascensos<\/p>\n<p>Fins fa uns anys, els ascensors hidr\u00e0ulics eren coneguts per gastar fins a quatre vegades m\u00e9s que un ascensor el\u00e8ctric, per\u00f2 gr\u00e0cies a les noves tecnologies desenvolupades al nostre departament R+D el seu consum, aix\u00ed com les dimensions dels seus impulsors, han disminu\u00eft de forma considerable . Aix\u00f2 significa que els <b>elevadors hidr\u00e0ulics<\/b> no nom\u00e9s ofereixen la possibilitat d&#8217;estalviar en el rebut de la llum, sin\u00f3 que a m\u00e9s a m\u00e9s necessiten espai per allotjar la seva maquin\u00e0ria.<\/p>\n<h2>Elevadors hidr\u00e0ulics<\/h2>\n<p>En qualsevol cas, a Ascensors Ruiz hem desenvolupat diferents tecnologies que faran que l&#8217;elecci\u00f3 d&#8217;un <b>ascensor hidr\u00e0ulic<\/b> o un d&#8217;el\u00e8ctric. Parlem de millores que fan possible la instal\u00b7laci\u00f3 d\u00b4ascensors sense sala de m\u00e0quines, aix\u00ed com del nostre sistema Gearless d\u00b4\u00faltima generaci\u00f3. Sense sorolls, sense vibracions, amb absolut confort i respectuosos amb el medi ambient, ja siguin hidr\u00e0ulics o el\u00e8ctrics, tots dos models poden optar per ser dissenyats amb un acabat <a href=\"https:\/\/ascensoresruiz.net\/val\/panoramics\/\">panor\u00e0mic&lt; \/a&gt;.<\/a><\/p>\n<p>Permeteu que els nostres professionals us assessorin a l&#8217;hora d&#8217;instal\u00b7lar, rehabilitar o modernitzar un ascensor. Amb m\u00e9s de 100 anys d&#8217;experi\u00e8ncia i el suport d&#8217;un equip d&#8217;investigadors encarregats de desenvolupar les actualitzacions i innovacions m\u00e9s capdavanteres, a <b>Ascensors Ruiz<\/b> som aut\u00e8ntics experts a trobar la soluci\u00f3 perfecta a les necessitats concretes de cada client.<\/p>\n","protected":false},"excerpt":{"rendered":"<p>Ascensors hidr\u00e0ulics Els ascensors hidr\u00e0ulics o oleodin\u00e0mics i els elevadors el\u00e8ctrics mantenen moltes difer\u00e8ncies entre si. Per\u00f2 la m\u00e9s important \u00e9s el mecanisme que els posa en funcionament. D&#8217;aquesta manera, mentre que els ascensors el\u00e8ctrics nom\u00e9s necessiten un motor el\u00e8ctric per posar-se en moviment i gasten energia tant a la pujada com a la baixada, [&hellip;]<\/p>\n","protected":false},"author":1,"featured_media":0,"parent":0,"menu_order":0,"comment_status":"closed","ping_status":"open","template":"","meta":{"_bbp_topic_count":0,"_bbp_reply_count":0,"_bbp_total_topic_count":0,"_bbp_total_reply_count":0,"_bbp_voice_count":0,"_bbp_anonymous_reply_count":0,"_bbp_topic_count_hidden":0,"_bbp_reply_count_hidden":0,"_bbp_forum_subforum_count":0,"footnotes":""},"class_list":["post-468","page","type-page","status-publish","hentry"],"yoast_head":"<!-- This site is optimized with the Yoast SEO plugin v26.5 - https:\/\/yoast.com\/wordpress\/plugins\/seo\/ -->\n<title>Ascensors hidr\u00e0ulics i elevadors hidr\u00e0ulics<\/title>\n<meta name=\"description\" content=\"ASCENSORS RUIZ. Instal\u00b7laci\u00f3 i manteniment d&#039;ascensors i elevadors hidr\u00e0ulics a Val\u00e8ncia\" \/>\n<meta name=\"robots\" content=\"index, follow, max-snippet:-1, max-image-preview:large, max-video-preview:-1\" \/>\n<link rel=\"canonical\" href=\"https:\/\/ascensoresruiz.net\/val\/ascensors-hidraulics\/\" \/>\n<meta property=\"og:locale\" content=\"es_ES\" \/>\n<meta property=\"og:type\" content=\"article\" \/>\n<meta property=\"og:title\" content=\"Ascensors hidr\u00e0ulics i elevadors hidr\u00e0ulics\" \/>\n<meta property=\"og:description\" content=\"ASCENSORS RUIZ. Instal\u00b7laci\u00f3 i manteniment d&#039;ascensors i elevadors hidr\u00e0ulics a Val\u00e8ncia\" \/>\n<meta property=\"og:url\" content=\"https:\/\/ascensoresruiz.net\/val\/ascensors-hidraulics\/\" \/>\n<meta property=\"og:site_name\" content=\"Ascensores Ruiz\" \/>\n<meta property=\"article:publisher\" content=\"https:\/\/www.facebook.com\/pages\/Ascensores-Ruiz\/575215262553822?ref=hl\" \/>\n<meta property=\"article:modified_time\" content=\"2024-02-05T12:42:55+00:00\" \/>\n<meta property=\"og:image\" content=\"https:\/\/ascensoresruiz.net\/val\/wp-content\/uploads\/2024\/02\/ascensor_hidraulic_elevadors.jpg\" \/>\n\t<meta property=\"og:image:width\" content=\"350\" \/>\n\t<meta property=\"og:image:height\" content=\"535\" \/>\n\t<meta property=\"og:image:type\" content=\"image\/jpeg\" \/>\n<meta name=\"twitter:label1\" content=\"Tiempo de lectura\" \/>\n\t<meta name=\"twitter:data1\" content=\"2 minutos\" \/>\n<script type=\"application\/ld+json\" class=\"yoast-schema-graph\">{\"@context\":\"https:\/\/schema.org\",\"@graph\":[{\"@type\":\"WebPage\",\"@id\":\"https:\/\/ascensoresruiz.net\/val\/ascensors-hidraulics\/\",\"url\":\"https:\/\/ascensoresruiz.net\/val\/ascensors-hidraulics\/\",\"name\":\"Ascensors hidr\u00e0ulics i elevadors hidr\u00e0ulics\",\"isPartOf\":{\"@id\":\"https:\/\/ascensoresruiz.net\/val\/#website\"},\"primaryImageOfPage\":{\"@id\":\"https:\/\/ascensoresruiz.net\/val\/ascensors-hidraulics\/#primaryimage\"},\"image\":{\"@id\":\"https:\/\/ascensoresruiz.net\/val\/ascensors-hidraulics\/#primaryimage\"},\"thumbnailUrl\":\"https:\/\/ascensoresruiz.net\/val\/wp-content\/uploads\/2024\/02\/ascensor_hidraulic_elevadors.jpg\",\"datePublished\":\"2014-03-04T19:25:42+00:00\",\"dateModified\":\"2024-02-05T12:42:55+00:00\",\"description\":\"ASCENSORS RUIZ. Instal\u00b7laci\u00f3 i manteniment d'ascensors i elevadors hidr\u00e0ulics a Val\u00e8ncia\",\"breadcrumb\":{\"@id\":\"https:\/\/ascensoresruiz.net\/val\/ascensors-hidraulics\/#breadcrumb\"},\"inLanguage\":\"es\",\"potentialAction\":[{\"@type\":\"ReadAction\",\"target\":[\"https:\/\/ascensoresruiz.net\/val\/ascensors-hidraulics\/\"]}]},{\"@type\":\"ImageObject\",\"inLanguage\":\"es\",\"@id\":\"https:\/\/ascensoresruiz.net\/val\/ascensors-hidraulics\/#primaryimage\",\"url\":\"https:\/\/ascensoresruiz.net\/val\/wp-content\/uploads\/2024\/02\/ascensor_hidraulic_elevadors.jpg\",\"contentUrl\":\"https:\/\/ascensoresruiz.net\/val\/wp-content\/uploads\/2024\/02\/ascensor_hidraulic_elevadors.jpg\",\"width\":350,\"height\":535,\"caption\":\"ascensor hidraulic elevadors\"},{\"@type\":\"BreadcrumbList\",\"@id\":\"https:\/\/ascensoresruiz.net\/val\/ascensors-hidraulics\/#breadcrumb\",\"itemListElement\":[{\"@type\":\"ListItem\",\"position\":1,\"name\":\"Home\",\"item\":\"https:\/\/ascensoresruiz.net\/val\/\"},{\"@type\":\"ListItem\",\"position\":2,\"name\":\"Ascensors hidr\u00e0ulics\"}]},{\"@type\":\"WebSite\",\"@id\":\"https:\/\/ascensoresruiz.net\/val\/#website\",\"url\":\"https:\/\/ascensoresruiz.net\/val\/\",\"name\":\"Ascensores Ruiz\",\"description\":\"M\u00e9s de 100 anys treballant amb ascensors a Val\u00e8ncia\",\"publisher\":{\"@id\":\"https:\/\/ascensoresruiz.net\/val\/#organization\"},\"alternateName\":\"Ascensores Ruiz\",\"potentialAction\":[{\"@type\":\"SearchAction\",\"target\":{\"@type\":\"EntryPoint\",\"urlTemplate\":\"https:\/\/ascensoresruiz.net\/val\/?s={search_term_string}\"},\"query-input\":{\"@type\":\"PropertyValueSpecification\",\"valueRequired\":true,\"valueName\":\"search_term_string\"}}],\"inLanguage\":\"es\"},{\"@type\":\"Organization\",\"@id\":\"https:\/\/ascensoresruiz.net\/val\/#organization\",\"name\":\"Ascensores Ruiz\",\"alternateName\":\"Ascensores Ruiz\",\"url\":\"https:\/\/ascensoresruiz.net\/val\/\",\"logo\":{\"@type\":\"ImageObject\",\"inLanguage\":\"es\",\"@id\":\"https:\/\/ascensoresruiz.net\/val\/#\/schema\/logo\/image\/\",\"url\":\"https:\/\/ascensoresruiz.net\/val\/wp-content\/uploads\/2025\/12\/ascensores_ruiz_net_logo.webp\",\"contentUrl\":\"https:\/\/ascensoresruiz.net\/val\/wp-content\/uploads\/2025\/12\/ascensores_ruiz_net_logo.webp\",\"width\":125,\"height\":163,\"caption\":\"Ascensores Ruiz\"},\"image\":{\"@id\":\"https:\/\/ascensoresruiz.net\/val\/#\/schema\/logo\/image\/\"},\"sameAs\":[\"https:\/\/www.facebook.com\/pages\/Ascensores-Ruiz\/575215262553822?ref=hl\",\"https:\/\/www.linkedin.com\/company\/ascensores-valencia-ruiz\/\"]}]}<\/script>\n<!-- \/ Yoast SEO plugin. -->","yoast_head_json":{"title":"Ascensors hidr\u00e0ulics i elevadors hidr\u00e0ulics","description":"ASCENSORS RUIZ. Instal\u00b7laci\u00f3 i manteniment d'ascensors i elevadors hidr\u00e0ulics a Val\u00e8ncia","robots":{"index":"index","follow":"follow","max-snippet":"max-snippet:-1","max-image-preview":"max-image-preview:large","max-video-preview":"max-video-preview:-1"},"canonical":"https:\/\/ascensoresruiz.net\/val\/ascensors-hidraulics\/","og_locale":"es_ES","og_type":"article","og_title":"Ascensors hidr\u00e0ulics i elevadors hidr\u00e0ulics","og_description":"ASCENSORS RUIZ. Instal\u00b7laci\u00f3 i manteniment d'ascensors i elevadors hidr\u00e0ulics a Val\u00e8ncia","og_url":"https:\/\/ascensoresruiz.net\/val\/ascensors-hidraulics\/","og_site_name":"Ascensores Ruiz","article_publisher":"https:\/\/www.facebook.com\/pages\/Ascensores-Ruiz\/575215262553822?ref=hl","article_modified_time":"2024-02-05T12:42:55+00:00","og_image":[{"width":350,"height":535,"url":"https:\/\/ascensoresruiz.net\/val\/wp-content\/uploads\/2024\/02\/ascensor_hidraulic_elevadors.jpg","type":"image\/jpeg"}],"twitter_misc":{"Tiempo de lectura":"2 minutos"},"schema":{"@context":"https:\/\/schema.org","@graph":[{"@type":"WebPage","@id":"https:\/\/ascensoresruiz.net\/val\/ascensors-hidraulics\/","url":"https:\/\/ascensoresruiz.net\/val\/ascensors-hidraulics\/","name":"Ascensors hidr\u00e0ulics i elevadors hidr\u00e0ulics","isPartOf":{"@id":"https:\/\/ascensoresruiz.net\/val\/#website"},"primaryImageOfPage":{"@id":"https:\/\/ascensoresruiz.net\/val\/ascensors-hidraulics\/#primaryimage"},"image":{"@id":"https:\/\/ascensoresruiz.net\/val\/ascensors-hidraulics\/#primaryimage"},"thumbnailUrl":"https:\/\/ascensoresruiz.net\/val\/wp-content\/uploads\/2024\/02\/ascensor_hidraulic_elevadors.jpg","datePublished":"2014-03-04T19:25:42+00:00","dateModified":"2024-02-05T12:42:55+00:00","description":"ASCENSORS RUIZ. Instal\u00b7laci\u00f3 i manteniment d'ascensors i elevadors hidr\u00e0ulics a Val\u00e8ncia","breadcrumb":{"@id":"https:\/\/ascensoresruiz.net\/val\/ascensors-hidraulics\/#breadcrumb"},"inLanguage":"es","potentialAction":[{"@type":"ReadAction","target":["https:\/\/ascensoresruiz.net\/val\/ascensors-hidraulics\/"]}]},{"@type":"ImageObject","inLanguage":"es","@id":"https:\/\/ascensoresruiz.net\/val\/ascensors-hidraulics\/#primaryimage","url":"https:\/\/ascensoresruiz.net\/val\/wp-content\/uploads\/2024\/02\/ascensor_hidraulic_elevadors.jpg","contentUrl":"https:\/\/ascensoresruiz.net\/val\/wp-content\/uploads\/2024\/02\/ascensor_hidraulic_elevadors.jpg","width":350,"height":535,"caption":"ascensor hidraulic elevadors"},{"@type":"BreadcrumbList","@id":"https:\/\/ascensoresruiz.net\/val\/ascensors-hidraulics\/#breadcrumb","itemListElement":[{"@type":"ListItem","position":1,"name":"Home","item":"https:\/\/ascensoresruiz.net\/val\/"},{"@type":"ListItem","position":2,"name":"Ascensors hidr\u00e0ulics"}]},{"@type":"WebSite","@id":"https:\/\/ascensoresruiz.net\/val\/#website","url":"https:\/\/ascensoresruiz.net\/val\/","name":"Ascensores Ruiz","description":"M\u00e9s de 100 anys treballant amb ascensors a Val\u00e8ncia","publisher":{"@id":"https:\/\/ascensoresruiz.net\/val\/#organization"},"alternateName":"Ascensores Ruiz","potentialAction":[{"@type":"SearchAction","target":{"@type":"EntryPoint","urlTemplate":"https:\/\/ascensoresruiz.net\/val\/?s={search_term_string}"},"query-input":{"@type":"PropertyValueSpecification","valueRequired":true,"valueName":"search_term_string"}}],"inLanguage":"es"},{"@type":"Organization","@id":"https:\/\/ascensoresruiz.net\/val\/#organization","name":"Ascensores Ruiz","alternateName":"Ascensores Ruiz","url":"https:\/\/ascensoresruiz.net\/val\/","logo":{"@type":"ImageObject","inLanguage":"es","@id":"https:\/\/ascensoresruiz.net\/val\/#\/schema\/logo\/image\/","url":"https:\/\/ascensoresruiz.net\/val\/wp-content\/uploads\/2025\/12\/ascensores_ruiz_net_logo.webp","contentUrl":"https:\/\/ascensoresruiz.net\/val\/wp-content\/uploads\/2025\/12\/ascensores_ruiz_net_logo.webp","width":125,"height":163,"caption":"Ascensores Ruiz"},"image":{"@id":"https:\/\/ascensoresruiz.net\/val\/#\/schema\/logo\/image\/"},"sameAs":["https:\/\/www.facebook.com\/pages\/Ascensores-Ruiz\/575215262553822?ref=hl","https:\/\/www.linkedin.com\/company\/ascensores-valencia-ruiz\/"]}]}},"_links":{"self":[{"href":"https:\/\/ascensoresruiz.net\/val\/wp-json\/wp\/v2\/pages\/468","targetHints":{"allow":["GET"]}}],"collection":[{"href":"https:\/\/ascensoresruiz.net\/val\/wp-json\/wp\/v2\/pages"}],"about":[{"href":"https:\/\/ascensoresruiz.net\/val\/wp-json\/wp\/v2\/types\/page"}],"author":[{"embeddable":true,"href":"https:\/\/ascensoresruiz.net\/val\/wp-json\/wp\/v2\/users\/1"}],"replies":[{"embeddable":true,"href":"https:\/\/ascensoresruiz.net\/val\/wp-json\/wp\/v2\/comments?post=468"}],"version-history":[{"count":11,"href":"https:\/\/ascensoresruiz.net\/val\/wp-json\/wp\/v2\/pages\/468\/revisions"}],"predecessor-version":[{"id":1023,"href":"https:\/\/ascensoresruiz.net\/val\/wp-json\/wp\/v2\/pages\/468\/revisions\/1023"}],"wp:attachment":[{"href":"https:\/\/ascensoresruiz.net\/val\/wp-json\/wp\/v2\/media?parent=468"}],"curies":[{"name":"wp","href":"https:\/\/api.w.org\/{rel}","templated":true}]}}