{"id":57,"date":"2014-02-25T14:38:49","date_gmt":"2014-02-25T14:38:49","guid":{"rendered":"https:\/\/ascensoresruiz.net\/?page_id=57"},"modified":"2022-11-21T11:53:35","modified_gmt":"2022-11-21T11:53:35","slug":"components-elevador","status":"publish","type":"page","link":"https:\/\/ascensoresruiz.net\/val\/components-elevador\/","title":{"rendered":"Components de l&#8217; elevador"},"content":{"rendered":"<h1 class=\"p1\"><span class=\"s1\"><b>Qualitat dels components de l\u2019elevador<\/b><\/span><\/h1>\n<p class=\"p2\"><span class=\"s1\"><br \/>\nPer a <b>Ascensores Ruiz<\/b>, la satisfacci\u00f3 completa i total dels clients i la utilitzaci\u00f3 de components i materials que complisquen amb la normativa vigent en la fabricaci\u00f3 dels ascensors, s\u00f3n dos dels principis m\u00e9s importants de la nostra pol\u00edtica d\u2019empresa. Per aix\u00f2, de dia en dia, ens esforcem a oferir sempre el millor, tant en el tracte hum\u00e0 i el servei, com en la qualitat i les garanties.<\/span><\/p>\n<p class=\"p2\"><span class=\"s1\">A\u00e7\u00f2, evidentment, inclou fer \u00fas dels millors materials des de l\u2019inici mateix del proc\u00e9s. \u00c9s a dir, des del moment en qu\u00e8 es dissenya l\u2019ascensor i es procedeix a fabricar-lo, fins<span class=\"Apple-converted-space\">\u00a0 <\/span>que es munta i se succeeixen les corresponents revisions preventives i correctives amb els anys. \u00c9s per aix\u00f2 que els nostres professionals compten amb components originals la qualitat dels quals s\u2019ha certificat a nivell internacional. No nom\u00e9s per a la fabricaci\u00f3 de l\u2019ascensor, per descomptat, sin\u00f3 tamb\u00e9 a l\u2019hora de dur a terme qualsevol recanvi despr\u00e9s d\u2019una revisi\u00f3.<\/span><\/p>\n<p class=\"p2\"><span class=\"s1\">Conscients que l\u2019\u00fas d\u2019un component d\u2019ascensor no original podria causar problemes seriosos en el futur i incl\u00fas acurtar la vida \u00fatil dels nostres elevadors, <b>en Ascensores Ruiz nom\u00e9s utilitzem components originals.<\/b> I els nostres certificats de qualitat ho reflecteixen.<\/span><\/p>\n<p class=\"p2\"><span class=\"s1\">A m\u00e9s, tots els nostres productes compten amb garantia. Aix\u00ed, davant de qualsevol incid\u00e8ncia la responsabilitat de la qual siga atribu\u00efble a la nostra companyia, els nostres clients nom\u00e9s hauran de posar-se en contacte amb nosaltres a trav\u00e9s del tel\u00e8fon d\u2019atenci\u00f3 i els nostres operaris s\u2019encarregaran de corregir el defecte en q\u00fcesti\u00f3 sense que aix\u00f2 supose cap despesa afegida per als usuaris.<\/span><\/p>\n<p class=\"p2\"><span class=\"s1\"><b>En Ascensores Ruiz treballem per la seua seguretat<\/b>, i li oferim en tot moment les tecnologies m\u00e9s innovadores i els millors serveis d\u2019instal\u00b7laci\u00f3, de revisi\u00f3 i de reparaci\u00f3 d\u2019ascensors.<\/span><\/p>\n<p class=\"p2\"><span class=\"s1\">Durant m\u00e9s de cent anys hem sigut fidels als principis de la nostra pol\u00edtica d\u2019empresa: qualitat, seguretat, la millor atenci\u00f3 al client i formaci\u00f3 cont\u00ednua per als nostres professionals. Estem orgullosos de poder dir que ha sigut a\u00e7\u00f2 el que ens ha perm\u00e9s seguir avant durant tants anys: donar un servei fidel i de qualitat centrat en oferir solucions adaptades a cada pas i pensades per a perdurar al llarg del temps.<\/span><\/p>\n","protected":false},"excerpt":{"rendered":"<p>Qualitat dels components de l\u2019elevador Per a Ascensores Ruiz, la satisfacci\u00f3 completa i total dels clients i la utilitzaci\u00f3 de components i materials que complisquen amb la normativa vigent en la fabricaci\u00f3 dels ascensors, s\u00f3n dos dels principis m\u00e9s importants de la nostra pol\u00edtica d\u2019empresa. Per aix\u00f2, de dia en dia, ens esforcem a oferir [&hellip;]<\/p>\n","protected":false},"author":1,"featured_media":0,"parent":0,"menu_order":0,"comment_status":"closed","ping_status":"open","template":"","meta":{"_bbp_topic_count":0,"_bbp_reply_count":0,"_bbp_total_topic_count":0,"_bbp_total_reply_count":0,"_bbp_voice_count":0,"_bbp_anonymous_reply_count":0,"_bbp_topic_count_hidden":0,"_bbp_reply_count_hidden":0,"_bbp_forum_subforum_count":0,"footnotes":""},"class_list":["post-57","page","type-page","status-publish","hentry"],"yoast_head":"<!-- This site is optimized with the Yoast SEO plugin v26.5 - https:\/\/yoast.com\/wordpress\/plugins\/seo\/ -->\n<title>Components de l&#039; elevador<\/title>\n<meta name=\"description\" content=\"Ascensors Ruiz. Els components i materials utilitzats als nostres ascensors compleixen amb la normativa vigent en la fabricaci\u00f3. Qualitat i garantia\" \/>\n<meta name=\"robots\" content=\"index, follow, max-snippet:-1, max-image-preview:large, max-video-preview:-1\" \/>\n<link rel=\"canonical\" href=\"https:\/\/ascensoresruiz.net\/val\/components-elevador\/\" \/>\n<meta property=\"og:locale\" content=\"es_ES\" \/>\n<meta property=\"og:type\" content=\"article\" \/>\n<meta property=\"og:title\" content=\"Components de l&#039; elevador\" \/>\n<meta property=\"og:description\" content=\"Ascensors Ruiz. Els components i materials utilitzats als nostres ascensors compleixen amb la normativa vigent en la fabricaci\u00f3. Qualitat i garantia\" \/>\n<meta property=\"og:url\" content=\"https:\/\/ascensoresruiz.net\/val\/components-elevador\/\" \/>\n<meta property=\"og:site_name\" content=\"Ascensores Ruiz\" \/>\n<meta property=\"article:publisher\" content=\"https:\/\/www.facebook.com\/pages\/Ascensores-Ruiz\/575215262553822?ref=hl\" \/>\n<meta property=\"article:modified_time\" content=\"2022-11-21T11:53:35+00:00\" \/>\n<meta property=\"og:image\" content=\"https:\/\/ascensoresruiz.net\/val\/wp-content\/uploads\/2025\/12\/ascensores_ruiz_net_logo.webp\" \/>\n\t<meta property=\"og:image:width\" content=\"125\" \/>\n\t<meta property=\"og:image:height\" content=\"163\" \/>\n\t<meta property=\"og:image:type\" content=\"image\/webp\" \/>\n<meta name=\"twitter:label1\" content=\"Tiempo de lectura\" \/>\n\t<meta name=\"twitter:data1\" content=\"2 minutos\" \/>\n<script type=\"application\/ld+json\" class=\"yoast-schema-graph\">{\"@context\":\"https:\/\/schema.org\",\"@graph\":[{\"@type\":\"WebPage\",\"@id\":\"https:\/\/ascensoresruiz.net\/val\/components-elevador\/\",\"url\":\"https:\/\/ascensoresruiz.net\/val\/components-elevador\/\",\"name\":\"Components de l' elevador\",\"isPartOf\":{\"@id\":\"https:\/\/ascensoresruiz.net\/val\/#website\"},\"datePublished\":\"2014-02-25T14:38:49+00:00\",\"dateModified\":\"2022-11-21T11:53:35+00:00\",\"description\":\"Ascensors Ruiz. Els components i materials utilitzats als nostres ascensors compleixen amb la normativa vigent en la fabricaci\u00f3. Qualitat i garantia\",\"breadcrumb\":{\"@id\":\"https:\/\/ascensoresruiz.net\/val\/components-elevador\/#breadcrumb\"},\"inLanguage\":\"es\",\"potentialAction\":[{\"@type\":\"ReadAction\",\"target\":[\"https:\/\/ascensoresruiz.net\/val\/components-elevador\/\"]}]},{\"@type\":\"BreadcrumbList\",\"@id\":\"https:\/\/ascensoresruiz.net\/val\/components-elevador\/#breadcrumb\",\"itemListElement\":[{\"@type\":\"ListItem\",\"position\":1,\"name\":\"Home\",\"item\":\"https:\/\/ascensoresruiz.net\/val\/\"},{\"@type\":\"ListItem\",\"position\":2,\"name\":\"Components de l&#8217; elevador\"}]},{\"@type\":\"WebSite\",\"@id\":\"https:\/\/ascensoresruiz.net\/val\/#website\",\"url\":\"https:\/\/ascensoresruiz.net\/val\/\",\"name\":\"Ascensores Ruiz\",\"description\":\"M\u00e9s de 100 anys treballant amb ascensors a Val\u00e8ncia\",\"publisher\":{\"@id\":\"https:\/\/ascensoresruiz.net\/val\/#organization\"},\"alternateName\":\"Ascensores Ruiz\",\"potentialAction\":[{\"@type\":\"SearchAction\",\"target\":{\"@type\":\"EntryPoint\",\"urlTemplate\":\"https:\/\/ascensoresruiz.net\/val\/?s={search_term_string}\"},\"query-input\":{\"@type\":\"PropertyValueSpecification\",\"valueRequired\":true,\"valueName\":\"search_term_string\"}}],\"inLanguage\":\"es\"},{\"@type\":\"Organization\",\"@id\":\"https:\/\/ascensoresruiz.net\/val\/#organization\",\"name\":\"Ascensores Ruiz\",\"alternateName\":\"Ascensores Ruiz\",\"url\":\"https:\/\/ascensoresruiz.net\/val\/\",\"logo\":{\"@type\":\"ImageObject\",\"inLanguage\":\"es\",\"@id\":\"https:\/\/ascensoresruiz.net\/val\/#\/schema\/logo\/image\/\",\"url\":\"https:\/\/ascensoresruiz.net\/val\/wp-content\/uploads\/2025\/12\/ascensores_ruiz_net_logo.webp\",\"contentUrl\":\"https:\/\/ascensoresruiz.net\/val\/wp-content\/uploads\/2025\/12\/ascensores_ruiz_net_logo.webp\",\"width\":125,\"height\":163,\"caption\":\"Ascensores Ruiz\"},\"image\":{\"@id\":\"https:\/\/ascensoresruiz.net\/val\/#\/schema\/logo\/image\/\"},\"sameAs\":[\"https:\/\/www.facebook.com\/pages\/Ascensores-Ruiz\/575215262553822?ref=hl\",\"https:\/\/www.linkedin.com\/company\/ascensores-valencia-ruiz\/\"]}]}<\/script>\n<!-- \/ Yoast SEO plugin. -->","yoast_head_json":{"title":"Components de l' elevador","description":"Ascensors Ruiz. Els components i materials utilitzats als nostres ascensors compleixen amb la normativa vigent en la fabricaci\u00f3. Qualitat i garantia","robots":{"index":"index","follow":"follow","max-snippet":"max-snippet:-1","max-image-preview":"max-image-preview:large","max-video-preview":"max-video-preview:-1"},"canonical":"https:\/\/ascensoresruiz.net\/val\/components-elevador\/","og_locale":"es_ES","og_type":"article","og_title":"Components de l' elevador","og_description":"Ascensors Ruiz. Els components i materials utilitzats als nostres ascensors compleixen amb la normativa vigent en la fabricaci\u00f3. Qualitat i garantia","og_url":"https:\/\/ascensoresruiz.net\/val\/components-elevador\/","og_site_name":"Ascensores Ruiz","article_publisher":"https:\/\/www.facebook.com\/pages\/Ascensores-Ruiz\/575215262553822?ref=hl","article_modified_time":"2022-11-21T11:53:35+00:00","og_image":[{"width":125,"height":163,"url":"https:\/\/ascensoresruiz.net\/val\/wp-content\/uploads\/2025\/12\/ascensores_ruiz_net_logo.webp","type":"image\/webp"}],"twitter_misc":{"Tiempo de lectura":"2 minutos"},"schema":{"@context":"https:\/\/schema.org","@graph":[{"@type":"WebPage","@id":"https:\/\/ascensoresruiz.net\/val\/components-elevador\/","url":"https:\/\/ascensoresruiz.net\/val\/components-elevador\/","name":"Components de l' elevador","isPartOf":{"@id":"https:\/\/ascensoresruiz.net\/val\/#website"},"datePublished":"2014-02-25T14:38:49+00:00","dateModified":"2022-11-21T11:53:35+00:00","description":"Ascensors Ruiz. Els components i materials utilitzats als nostres ascensors compleixen amb la normativa vigent en la fabricaci\u00f3. Qualitat i garantia","breadcrumb":{"@id":"https:\/\/ascensoresruiz.net\/val\/components-elevador\/#breadcrumb"},"inLanguage":"es","potentialAction":[{"@type":"ReadAction","target":["https:\/\/ascensoresruiz.net\/val\/components-elevador\/"]}]},{"@type":"BreadcrumbList","@id":"https:\/\/ascensoresruiz.net\/val\/components-elevador\/#breadcrumb","itemListElement":[{"@type":"ListItem","position":1,"name":"Home","item":"https:\/\/ascensoresruiz.net\/val\/"},{"@type":"ListItem","position":2,"name":"Components de l&#8217; elevador"}]},{"@type":"WebSite","@id":"https:\/\/ascensoresruiz.net\/val\/#website","url":"https:\/\/ascensoresruiz.net\/val\/","name":"Ascensores Ruiz","description":"M\u00e9s de 100 anys treballant amb ascensors a Val\u00e8ncia","publisher":{"@id":"https:\/\/ascensoresruiz.net\/val\/#organization"},"alternateName":"Ascensores Ruiz","potentialAction":[{"@type":"SearchAction","target":{"@type":"EntryPoint","urlTemplate":"https:\/\/ascensoresruiz.net\/val\/?s={search_term_string}"},"query-input":{"@type":"PropertyValueSpecification","valueRequired":true,"valueName":"search_term_string"}}],"inLanguage":"es"},{"@type":"Organization","@id":"https:\/\/ascensoresruiz.net\/val\/#organization","name":"Ascensores Ruiz","alternateName":"Ascensores Ruiz","url":"https:\/\/ascensoresruiz.net\/val\/","logo":{"@type":"ImageObject","inLanguage":"es","@id":"https:\/\/ascensoresruiz.net\/val\/#\/schema\/logo\/image\/","url":"https:\/\/ascensoresruiz.net\/val\/wp-content\/uploads\/2025\/12\/ascensores_ruiz_net_logo.webp","contentUrl":"https:\/\/ascensoresruiz.net\/val\/wp-content\/uploads\/2025\/12\/ascensores_ruiz_net_logo.webp","width":125,"height":163,"caption":"Ascensores Ruiz"},"image":{"@id":"https:\/\/ascensoresruiz.net\/val\/#\/schema\/logo\/image\/"},"sameAs":["https:\/\/www.facebook.com\/pages\/Ascensores-Ruiz\/575215262553822?ref=hl","https:\/\/www.linkedin.com\/company\/ascensores-valencia-ruiz\/"]}]}},"_links":{"self":[{"href":"https:\/\/ascensoresruiz.net\/val\/wp-json\/wp\/v2\/pages\/57","targetHints":{"allow":["GET"]}}],"collection":[{"href":"https:\/\/ascensoresruiz.net\/val\/wp-json\/wp\/v2\/pages"}],"about":[{"href":"https:\/\/ascensoresruiz.net\/val\/wp-json\/wp\/v2\/types\/page"}],"author":[{"embeddable":true,"href":"https:\/\/ascensoresruiz.net\/val\/wp-json\/wp\/v2\/users\/1"}],"replies":[{"embeddable":true,"href":"https:\/\/ascensoresruiz.net\/val\/wp-json\/wp\/v2\/comments?post=57"}],"version-history":[{"count":6,"href":"https:\/\/ascensoresruiz.net\/val\/wp-json\/wp\/v2\/pages\/57\/revisions"}],"predecessor-version":[{"id":944,"href":"https:\/\/ascensoresruiz.net\/val\/wp-json\/wp\/v2\/pages\/57\/revisions\/944"}],"wp:attachment":[{"href":"https:\/\/ascensoresruiz.net\/val\/wp-json\/wp\/v2\/media?parent=57"}],"curies":[{"name":"wp","href":"https:\/\/api.w.org\/{rel}","templated":true}]}}