{"id":624,"date":"2014-06-02T14:56:36","date_gmt":"2014-06-02T14:56:36","guid":{"rendered":"https:\/\/ascensoresruiz.net\/?page_id=624"},"modified":"2022-11-21T11:45:58","modified_gmt":"2022-11-21T11:45:58","slug":"modernitzacio","status":"publish","type":"page","link":"https:\/\/ascensoresruiz.net\/val\/modernitzacio\/","title":{"rendered":"Modernitzaci\u00f3"},"content":{"rendered":"<h1 class=\"p1\"><span class=\"s1\"><b>Modernitzaci\u00f3<\/b><\/span><\/h1>\n<p class=\"p2\"><span class=\"s1\">Ideals per a aquelles situacions en qu\u00e8 un ascensor encara t\u00e9 molta vida \u00fatil per davant, les tasques de modernitzaci\u00f3 suposen, m\u00e9s que una llavada de cara, una optimitzaci\u00f3 de les prestacions, de la qualitat i de l\u2019est\u00e8tica d\u2019un ascensor. Aix\u00ed com tamb\u00e9, per descomptat, una posada al dia amb la legislaci\u00f3 vigent.<\/span><\/p>\n<p class=\"p2\"><span class=\"s1\">Malgrat aix\u00f2, els motius que habitualment porten un usuari a modernitzar un ascensor s\u00f3n, simplement, l\u2019est\u00e8tica i la possibilitat d\u2019incrementar la qualitat i els serveis del dispositiu. En Ascensores Ruiz portem m\u00e9s de cent anys duent a terme tot tipus de modernitzacions: renovaci\u00f3 de les cabines, substituci\u00f3 del quadre de comandament, aplicaci\u00f3 de mesures d\u2019estalvi com ara la instal\u00b7laci\u00f3 de llums led, implantaci\u00f3 de cabines intel\u00b7ligents, etc. Tot per tal de donar com a resultat final un elevador estilitzat,<span class=\"Apple-converted-space\">\u00a0 <\/span>dotat de l\u2019\u00faltima tecnologia i garantit amb els m\u00e0xims controls de qualitat.\u00a0<\/span><\/p>\n<p class=\"p2\"><span class=\"s1\">A m\u00e9s, la nostra companyia est\u00e0 certificada per a dissenyar i fabricar ad hoc els nostres propis ascensors. A\u00e7\u00f2 suposa diversos avantatges per al client. En primer lloc, suposa la garantia de comptar immediatament amb qualsevol pe\u00e7a que calga substituir. En segon lloc, pel fet d\u2019elaborar els nostres propis dissenys, el client disposa de major llibertat a l\u2019hora de triar els materials o determinar \u2013sempre dins d\u2019uns l\u00edmits- la distribuci\u00f3 dels diferents elements que vagen a integrar-se en l\u2019interior de la cabina. I, finalment, la seguretat que d\u00f3na el fet de saber que tots els materials que utilitzem en la fabricaci\u00f3 de les nostres plataformes s\u00f3n d\u2019\u00faltima generaci\u00f3 i han estat certificats amb tots els controls de qualitat internacionals pertinents.<\/span><\/p>\n<p class=\"p2\"><span class=\"s1\">La nostra companyia no nom\u00e9s es caracteritza per posseir una experi\u00e8ncia dilatada al llarg de la hist\u00f2ria, sin\u00f3 tamb\u00e9 per ser una de les empreses d\u2019ascensors que m\u00e9s aposta per la innovaci\u00f3 i pel desenvolupament de noves tecnologies en el sector de l\u2019ascensor.<\/span><\/p>\n","protected":false},"excerpt":{"rendered":"<p>Modernitzaci\u00f3 Ideals per a aquelles situacions en qu\u00e8 un ascensor encara t\u00e9 molta vida \u00fatil per davant, les tasques de modernitzaci\u00f3 suposen, m\u00e9s que una llavada de cara, una optimitzaci\u00f3 de les prestacions, de la qualitat i de l\u2019est\u00e8tica d\u2019un ascensor. Aix\u00ed com tamb\u00e9, per descomptat, una posada al dia amb la legislaci\u00f3 vigent. Malgrat [&hellip;]<\/p>\n","protected":false},"author":1,"featured_media":0,"parent":0,"menu_order":0,"comment_status":"closed","ping_status":"open","template":"","meta":{"_bbp_topic_count":0,"_bbp_reply_count":0,"_bbp_total_topic_count":0,"_bbp_total_reply_count":0,"_bbp_voice_count":0,"_bbp_anonymous_reply_count":0,"_bbp_topic_count_hidden":0,"_bbp_reply_count_hidden":0,"_bbp_forum_subforum_count":0,"footnotes":""},"class_list":["post-624","page","type-page","status-publish","hentry"],"yoast_head":"<!-- This site is optimized with the Yoast SEO plugin v27.5 - https:\/\/yoast.com\/product\/yoast-seo-wordpress\/ -->\n<title>Modernitzaci\u00f3<\/title>\n<meta name=\"description\" content=\"Les tasques de modernitzaci\u00f3 suposen una optimitzaci\u00f3 de les prestacions, la qualitat i l&#039;est\u00e8tica d&#039;un ascensor. Apliquem la legislaci\u00f3 vigent\" \/>\n<meta name=\"robots\" content=\"index, follow, max-snippet:-1, max-image-preview:large, max-video-preview:-1\" \/>\n<link rel=\"canonical\" href=\"https:\/\/ascensoresruiz.net\/val\/modernitzacio\/\" \/>\n<meta property=\"og:locale\" content=\"es_ES\" \/>\n<meta property=\"og:type\" content=\"article\" \/>\n<meta property=\"og:title\" content=\"Modernitzaci\u00f3\" \/>\n<meta property=\"og:description\" content=\"Les tasques de modernitzaci\u00f3 suposen una optimitzaci\u00f3 de les prestacions, la qualitat i l&#039;est\u00e8tica d&#039;un ascensor. Apliquem la legislaci\u00f3 vigent\" \/>\n<meta property=\"og:url\" content=\"https:\/\/ascensoresruiz.net\/val\/modernitzacio\/\" \/>\n<meta property=\"og:site_name\" content=\"Ascensores Ruiz\" \/>\n<meta property=\"article:publisher\" content=\"https:\/\/www.facebook.com\/pages\/Ascensores-Ruiz\/575215262553822?ref=hl\" \/>\n<meta property=\"article:modified_time\" content=\"2022-11-21T11:45:58+00:00\" \/>\n<meta property=\"og:image\" content=\"https:\/\/ascensoresruiz.net\/val\/wp-content\/uploads\/2025\/12\/ascensores_ruiz_net_logo.webp\" \/>\n\t<meta property=\"og:image:width\" content=\"125\" \/>\n\t<meta property=\"og:image:height\" content=\"163\" \/>\n\t<meta property=\"og:image:type\" content=\"image\/webp\" \/>\n<meta name=\"twitter:label1\" content=\"Tiempo de lectura\" \/>\n\t<meta name=\"twitter:data1\" content=\"2 minutos\" \/>\n<script type=\"application\/ld+json\" class=\"yoast-schema-graph\">{\"@context\":\"https:\\\/\\\/schema.org\",\"@graph\":[{\"@type\":\"WebPage\",\"@id\":\"https:\\\/\\\/ascensoresruiz.net\\\/val\\\/modernitzacio\\\/\",\"url\":\"https:\\\/\\\/ascensoresruiz.net\\\/val\\\/modernitzacio\\\/\",\"name\":\"Modernitzaci\u00f3\",\"isPartOf\":{\"@id\":\"https:\\\/\\\/ascensoresruiz.net\\\/val\\\/#website\"},\"datePublished\":\"2014-06-02T14:56:36+00:00\",\"dateModified\":\"2022-11-21T11:45:58+00:00\",\"description\":\"Les tasques de modernitzaci\u00f3 suposen una optimitzaci\u00f3 de les prestacions, la qualitat i l'est\u00e8tica d'un ascensor. Apliquem la legislaci\u00f3 vigent\",\"breadcrumb\":{\"@id\":\"https:\\\/\\\/ascensoresruiz.net\\\/val\\\/modernitzacio\\\/#breadcrumb\"},\"inLanguage\":\"es\",\"potentialAction\":[{\"@type\":\"ReadAction\",\"target\":[\"https:\\\/\\\/ascensoresruiz.net\\\/val\\\/modernitzacio\\\/\"]}]},{\"@type\":\"BreadcrumbList\",\"@id\":\"https:\\\/\\\/ascensoresruiz.net\\\/val\\\/modernitzacio\\\/#breadcrumb\",\"itemListElement\":[{\"@type\":\"ListItem\",\"position\":1,\"name\":\"Home\",\"item\":\"https:\\\/\\\/ascensoresruiz.net\\\/val\\\/\"},{\"@type\":\"ListItem\",\"position\":2,\"name\":\"Modernitzaci\u00f3\"}]},{\"@type\":\"WebSite\",\"@id\":\"https:\\\/\\\/ascensoresruiz.net\\\/val\\\/#website\",\"url\":\"https:\\\/\\\/ascensoresruiz.net\\\/val\\\/\",\"name\":\"Ascensores Ruiz\",\"description\":\"M\u00e9s de 100 anys treballant amb ascensors a Val\u00e8ncia\",\"publisher\":{\"@id\":\"https:\\\/\\\/ascensoresruiz.net\\\/val\\\/#organization\"},\"alternateName\":\"Ascensores Ruiz\",\"potentialAction\":[{\"@type\":\"SearchAction\",\"target\":{\"@type\":\"EntryPoint\",\"urlTemplate\":\"https:\\\/\\\/ascensoresruiz.net\\\/val\\\/?s={search_term_string}\"},\"query-input\":{\"@type\":\"PropertyValueSpecification\",\"valueRequired\":true,\"valueName\":\"search_term_string\"}}],\"inLanguage\":\"es\"},{\"@type\":\"Organization\",\"@id\":\"https:\\\/\\\/ascensoresruiz.net\\\/val\\\/#organization\",\"name\":\"Ascensores Ruiz\",\"alternateName\":\"Ascensores Ruiz\",\"url\":\"https:\\\/\\\/ascensoresruiz.net\\\/val\\\/\",\"logo\":{\"@type\":\"ImageObject\",\"inLanguage\":\"es\",\"@id\":\"https:\\\/\\\/ascensoresruiz.net\\\/val\\\/#\\\/schema\\\/logo\\\/image\\\/\",\"url\":\"https:\\\/\\\/ascensoresruiz.net\\\/val\\\/wp-content\\\/uploads\\\/2025\\\/12\\\/ascensores_ruiz_net_logo.webp\",\"contentUrl\":\"https:\\\/\\\/ascensoresruiz.net\\\/val\\\/wp-content\\\/uploads\\\/2025\\\/12\\\/ascensores_ruiz_net_logo.webp\",\"width\":125,\"height\":163,\"caption\":\"Ascensores Ruiz\"},\"image\":{\"@id\":\"https:\\\/\\\/ascensoresruiz.net\\\/val\\\/#\\\/schema\\\/logo\\\/image\\\/\"},\"sameAs\":[\"https:\\\/\\\/www.facebook.com\\\/pages\\\/Ascensores-Ruiz\\\/575215262553822?ref=hl\",\"https:\\\/\\\/www.linkedin.com\\\/company\\\/ascensores-valencia-ruiz\\\/\"]}]}<\/script>\n<!-- \/ Yoast SEO plugin. -->","yoast_head_json":{"title":"Modernitzaci\u00f3","description":"Les tasques de modernitzaci\u00f3 suposen una optimitzaci\u00f3 de les prestacions, la qualitat i l'est\u00e8tica d'un ascensor. Apliquem la legislaci\u00f3 vigent","robots":{"index":"index","follow":"follow","max-snippet":"max-snippet:-1","max-image-preview":"max-image-preview:large","max-video-preview":"max-video-preview:-1"},"canonical":"https:\/\/ascensoresruiz.net\/val\/modernitzacio\/","og_locale":"es_ES","og_type":"article","og_title":"Modernitzaci\u00f3","og_description":"Les tasques de modernitzaci\u00f3 suposen una optimitzaci\u00f3 de les prestacions, la qualitat i l'est\u00e8tica d'un ascensor. Apliquem la legislaci\u00f3 vigent","og_url":"https:\/\/ascensoresruiz.net\/val\/modernitzacio\/","og_site_name":"Ascensores Ruiz","article_publisher":"https:\/\/www.facebook.com\/pages\/Ascensores-Ruiz\/575215262553822?ref=hl","article_modified_time":"2022-11-21T11:45:58+00:00","og_image":[{"width":125,"height":163,"url":"https:\/\/ascensoresruiz.net\/val\/wp-content\/uploads\/2025\/12\/ascensores_ruiz_net_logo.webp","type":"image\/webp"}],"twitter_misc":{"Tiempo de lectura":"2 minutos"},"schema":{"@context":"https:\/\/schema.org","@graph":[{"@type":"WebPage","@id":"https:\/\/ascensoresruiz.net\/val\/modernitzacio\/","url":"https:\/\/ascensoresruiz.net\/val\/modernitzacio\/","name":"Modernitzaci\u00f3","isPartOf":{"@id":"https:\/\/ascensoresruiz.net\/val\/#website"},"datePublished":"2014-06-02T14:56:36+00:00","dateModified":"2022-11-21T11:45:58+00:00","description":"Les tasques de modernitzaci\u00f3 suposen una optimitzaci\u00f3 de les prestacions, la qualitat i l'est\u00e8tica d'un ascensor. Apliquem la legislaci\u00f3 vigent","breadcrumb":{"@id":"https:\/\/ascensoresruiz.net\/val\/modernitzacio\/#breadcrumb"},"inLanguage":"es","potentialAction":[{"@type":"ReadAction","target":["https:\/\/ascensoresruiz.net\/val\/modernitzacio\/"]}]},{"@type":"BreadcrumbList","@id":"https:\/\/ascensoresruiz.net\/val\/modernitzacio\/#breadcrumb","itemListElement":[{"@type":"ListItem","position":1,"name":"Home","item":"https:\/\/ascensoresruiz.net\/val\/"},{"@type":"ListItem","position":2,"name":"Modernitzaci\u00f3"}]},{"@type":"WebSite","@id":"https:\/\/ascensoresruiz.net\/val\/#website","url":"https:\/\/ascensoresruiz.net\/val\/","name":"Ascensores Ruiz","description":"M\u00e9s de 100 anys treballant amb ascensors a Val\u00e8ncia","publisher":{"@id":"https:\/\/ascensoresruiz.net\/val\/#organization"},"alternateName":"Ascensores Ruiz","potentialAction":[{"@type":"SearchAction","target":{"@type":"EntryPoint","urlTemplate":"https:\/\/ascensoresruiz.net\/val\/?s={search_term_string}"},"query-input":{"@type":"PropertyValueSpecification","valueRequired":true,"valueName":"search_term_string"}}],"inLanguage":"es"},{"@type":"Organization","@id":"https:\/\/ascensoresruiz.net\/val\/#organization","name":"Ascensores Ruiz","alternateName":"Ascensores Ruiz","url":"https:\/\/ascensoresruiz.net\/val\/","logo":{"@type":"ImageObject","inLanguage":"es","@id":"https:\/\/ascensoresruiz.net\/val\/#\/schema\/logo\/image\/","url":"https:\/\/ascensoresruiz.net\/val\/wp-content\/uploads\/2025\/12\/ascensores_ruiz_net_logo.webp","contentUrl":"https:\/\/ascensoresruiz.net\/val\/wp-content\/uploads\/2025\/12\/ascensores_ruiz_net_logo.webp","width":125,"height":163,"caption":"Ascensores Ruiz"},"image":{"@id":"https:\/\/ascensoresruiz.net\/val\/#\/schema\/logo\/image\/"},"sameAs":["https:\/\/www.facebook.com\/pages\/Ascensores-Ruiz\/575215262553822?ref=hl","https:\/\/www.linkedin.com\/company\/ascensores-valencia-ruiz\/"]}]}},"_links":{"self":[{"href":"https:\/\/ascensoresruiz.net\/val\/wp-json\/wp\/v2\/pages\/624","targetHints":{"allow":["GET"]}}],"collection":[{"href":"https:\/\/ascensoresruiz.net\/val\/wp-json\/wp\/v2\/pages"}],"about":[{"href":"https:\/\/ascensoresruiz.net\/val\/wp-json\/wp\/v2\/types\/page"}],"author":[{"embeddable":true,"href":"https:\/\/ascensoresruiz.net\/val\/wp-json\/wp\/v2\/users\/1"}],"replies":[{"embeddable":true,"href":"https:\/\/ascensoresruiz.net\/val\/wp-json\/wp\/v2\/comments?post=624"}],"version-history":[{"count":5,"href":"https:\/\/ascensoresruiz.net\/val\/wp-json\/wp\/v2\/pages\/624\/revisions"}],"predecessor-version":[{"id":941,"href":"https:\/\/ascensoresruiz.net\/val\/wp-json\/wp\/v2\/pages\/624\/revisions\/941"}],"wp:attachment":[{"href":"https:\/\/ascensoresruiz.net\/val\/wp-json\/wp\/v2\/media?parent=624"}],"curies":[{"name":"wp","href":"https:\/\/api.w.org\/{rel}","templated":true}]}}