{"id":68,"date":"2014-02-25T14:47:04","date_gmt":"2014-02-25T14:47:04","guid":{"rendered":"https:\/\/ascensoresruiz.net\/?page_id=68"},"modified":"2024-02-05T10:45:07","modified_gmt":"2024-02-05T10:45:07","slug":"ascensors-alacant","status":"publish","type":"page","link":"https:\/\/ascensoresruiz.net\/val\/ascensors-alacant\/","title":{"rendered":"Ascensors Alacant"},"content":{"rendered":"<p><img loading=\"lazy\" decoding=\"async\" class=\"hello\" style=\"padding: 20px;\" src=\"https:\/\/ascensoresruiz.net\/val\/wp-content\/uploads\/2024\/02\/ascensores_ruiz_alicante.jpg\" alt=\"ascensors alacant\" width=\"400\" height=\"503\" align=\"left\" \/><\/p>\n<h1>Ascensors Alacant<\/h1>\n<p>Si est\u00e0 pensant en instal\u00b7lar un <b>ascensor a Alacant<\/b> ha entrat a la web adequada.<\/p>\n<p><b>A Ascensors Ruiz disposem d&#8217;una gran varietat d&#8217;elevadors<\/b> i estem especialitzats tant en el muntatge d&#8217;ascensors a edificis d&#8217;obra nova com a edificis d&#8217;antiga construcci\u00f3. Siguin quines siguin les seves circumst\u00e0ncies i necessitats els nostres professionals a <b>elevadors Alacant<\/b> sabran donar-li exactament el que busca.<\/p>\n<p>I \u00e9s que la nostra companyia est\u00e0 especialitzada a trobar sempre m\u00e9s una soluci\u00f3 adequada per a cada cas. Aix\u00f2, alhora, ens ofereix la possibilitat de presentar-li diverses alternatives perqu\u00e8 sigui vost\u00e8 mateix qui esculli l&#8217;opci\u00f3 que m\u00e9s li agradi.<\/p>\n<h2>Elevadors Alacant<\/h2>\n<p><b>Fins i tot en edificis d&#8217;antiga construcci\u00f3 i gaireb\u00e9 sense espai on instal\u00b7lar un ascensor, amb Ascensors Ruiz li assegurem, sempre que les caracter\u00edstiques arquitect\u00f2niques ho permetin, com a m\u00ednim una soluci\u00f3<\/b>. Aix\u00ed, per a aquest tipus de casos en concret, la nostra empresa sol jugar amb dos productes clau: els ascensors hidr\u00e0ulics i els panor\u00e0mics. Els primers s\u00f3n ascensors interiors que, at\u00e8s que ni tan sols necessiten una cambra de m\u00e0quines, s\u00f3n ideals per a edificis amb poc espai. D&#8217;altra banda, els ascensors panor\u00e0mics s&#8217;instal\u00b7len a l&#8217;exterior dels edificis, aconseguint que la manca d&#8217;espai deixi de ser un problema.<\/p>\n<p><b>Als edificis de nova construcci\u00f3, per descomptat, la varietat d&#8217;ascensors que podem posar a disposici\u00f3 del nostre client \u00e9s total<\/b>. Ascensors interiors o panor\u00e0mics, el\u00e8ctrics o hidr\u00e0ulics, qualsevol dels nostres productes \u00e9s v\u00e0lid ja que l&#8217;elecci\u00f3 es fa a l&#8217;hora de plasmar sobre el paper el disseny arquitect\u00f2nic.<\/p>\n<p>En tot cas, i independentment del tipus de construcci\u00f3 de qu\u00e8 estiguem parlant, a <b>Ascensors Ruiz<\/b> comprenem que cada cas \u00e9s \u00fanic. Per aix\u00f2, i sempre que les condicions de qu\u00e8 disposem ens ho permetin, <b>oferim als nostres clients la possibilitat de personalitzar els ascensors en q\u00fcestions com ara les dimensions i la capacitat de c\u00e0rrega<\/b>. Altres factors com el disseny o la il\u00b7luminaci\u00f3, per exemple, s\u00f3n sempre susceptibles de ser personalitzats pel client per tal que l&#8217;ascensor transmeti exactament aquells missatges que el nostre client desitja: funcionalitat, robustesa, eleg\u00e0ncia, lluminositat, etc.<\/p>\n<p>Un altre dels factors que caracteritzen la nostra empresa de <b>ascensors Alicante<\/b>, a part de la nostra gran varietat de productes i la possibilitat de personalitzar-los, \u00e9s l&#8217;\u00fas que fem de materials de qualitat per dissenyar-los i fabricar-los.<\/p>\n<p><b>Per nosaltres la seva satisfacci\u00f3 del client \u00e9s el primer<\/b>. I per aix\u00f2 necessitem ascensors fabricats amb materials i components la qualitat dels quals s&#8217;adeq\u00fci a l&#8217;exigida per la normativa vigent, garantint aix\u00ed la seguretat dels seus usuaris i, alhora, allargant la vida \u00fatil de l&#8217;elevador.<\/p>\n<p>Finalment, els nostres serveis d&#8217;atenci\u00f3 al client, manteniment preventiu i correctiu i servei les 24 hores els 365 dies de l&#8217;any per a casos d&#8217;emerg\u00e8ncia, s&#8217;encarreguen de coronar una feina personalitzada i cura al detall.<\/p>\n<p>En resum, <b>varietat, personalitzaci\u00f3, qualitat i comprom\u00eds<\/b>, aquests s\u00f3n els valors que trobareu si decideix contractar els nostres serveis i instal\u00b7lar amb nosaltres un ascensor que l&#8217;ajudi a millorar la seva qualitat de vida.<\/p>\n<p>Poseu-vos en contacte amb nosaltres i parleu-nos del vostre cas. Els nostres t\u00e8cnics estaran encantats d&#8217;assessorar-vos sense cap mena de comprom\u00eds per part seva.<\/p>\n","protected":false},"excerpt":{"rendered":"<p>Ascensors Alacant Si est\u00e0 pensant en instal\u00b7lar un ascensor a Alacant ha entrat a la web adequada. A Ascensors Ruiz disposem d&#8217;una gran varietat d&#8217;elevadors i estem especialitzats tant en el muntatge d&#8217;ascensors a edificis d&#8217;obra nova com a edificis d&#8217;antiga construcci\u00f3. Siguin quines siguin les seves circumst\u00e0ncies i necessitats els nostres professionals a elevadors [&hellip;]<\/p>\n","protected":false},"author":1,"featured_media":0,"parent":0,"menu_order":0,"comment_status":"closed","ping_status":"open","template":"","meta":{"_bbp_topic_count":0,"_bbp_reply_count":0,"_bbp_total_topic_count":0,"_bbp_total_reply_count":0,"_bbp_voice_count":0,"_bbp_anonymous_reply_count":0,"_bbp_topic_count_hidden":0,"_bbp_reply_count_hidden":0,"_bbp_forum_subforum_count":0,"footnotes":""},"class_list":["post-68","page","type-page","status-publish","hentry"],"yoast_head":"<!-- This site is optimized with the Yoast SEO plugin v26.5 - https:\/\/yoast.com\/wordpress\/plugins\/seo\/ -->\n<title>Ascensors Alacant. Elevadors Alacant<\/title>\n<meta name=\"description\" content=\"En Ascensores Ruiz estamos especializados en el montaje de ascensores en Alicante en edificios de obra nueva y de antigua construcci\u00f3n y el mantenimiento\" \/>\n<meta name=\"robots\" content=\"index, follow, max-snippet:-1, max-image-preview:large, max-video-preview:-1\" \/>\n<link rel=\"canonical\" href=\"https:\/\/ascensoresruiz.net\/val\/ascensors-alacant\/\" \/>\n<meta property=\"og:locale\" content=\"es_ES\" \/>\n<meta property=\"og:type\" content=\"article\" \/>\n<meta property=\"og:title\" content=\"Ascensors Alacant. Elevadors Alacant\" \/>\n<meta property=\"og:description\" content=\"En Ascensores Ruiz estamos especializados en el montaje de ascensores en Alicante en edificios de obra nueva y de antigua construcci\u00f3n y el mantenimiento\" \/>\n<meta property=\"og:url\" content=\"https:\/\/ascensoresruiz.net\/val\/ascensors-alacant\/\" \/>\n<meta property=\"og:site_name\" content=\"Ascensores Ruiz\" \/>\n<meta property=\"article:publisher\" content=\"https:\/\/www.facebook.com\/pages\/Ascensores-Ruiz\/575215262553822?ref=hl\" \/>\n<meta property=\"article:modified_time\" content=\"2024-02-05T10:45:07+00:00\" \/>\n<meta property=\"og:image\" content=\"https:\/\/ascensoresruiz.net\/val\/wp-content\/uploads\/2024\/02\/ascensores_ruiz_alicante.jpg\" \/>\n<meta name=\"twitter:label1\" content=\"Tiempo de lectura\" \/>\n\t<meta name=\"twitter:data1\" content=\"3 minutos\" \/>\n<script type=\"application\/ld+json\" class=\"yoast-schema-graph\">{\"@context\":\"https:\/\/schema.org\",\"@graph\":[{\"@type\":\"WebPage\",\"@id\":\"https:\/\/ascensoresruiz.net\/val\/ascensors-alacant\/\",\"url\":\"https:\/\/ascensoresruiz.net\/val\/ascensors-alacant\/\",\"name\":\"Ascensors Alacant. Elevadors Alacant\",\"isPartOf\":{\"@id\":\"https:\/\/ascensoresruiz.net\/val\/#website\"},\"primaryImageOfPage\":{\"@id\":\"https:\/\/ascensoresruiz.net\/val\/ascensors-alacant\/#primaryimage\"},\"image\":{\"@id\":\"https:\/\/ascensoresruiz.net\/val\/ascensors-alacant\/#primaryimage\"},\"thumbnailUrl\":\"https:\/\/ascensoresruiz.net\/val\/wp-content\/uploads\/2024\/02\/ascensores_ruiz_alicante.jpg\",\"datePublished\":\"2014-02-25T14:47:04+00:00\",\"dateModified\":\"2024-02-05T10:45:07+00:00\",\"description\":\"En Ascensores Ruiz estamos especializados en el montaje de ascensores en Alicante en edificios de obra nueva y de antigua construcci\u00f3n y el mantenimiento\",\"breadcrumb\":{\"@id\":\"https:\/\/ascensoresruiz.net\/val\/ascensors-alacant\/#breadcrumb\"},\"inLanguage\":\"es\",\"potentialAction\":[{\"@type\":\"ReadAction\",\"target\":[\"https:\/\/ascensoresruiz.net\/val\/ascensors-alacant\/\"]}]},{\"@type\":\"ImageObject\",\"inLanguage\":\"es\",\"@id\":\"https:\/\/ascensoresruiz.net\/val\/ascensors-alacant\/#primaryimage\",\"url\":\"https:\/\/ascensoresruiz.net\/val\/wp-content\/uploads\/2024\/02\/ascensores_ruiz_alicante.jpg\",\"contentUrl\":\"https:\/\/ascensoresruiz.net\/val\/wp-content\/uploads\/2024\/02\/ascensores_ruiz_alicante.jpg\",\"width\":400,\"height\":503,\"caption\":\"ascensores ruiz alacant\"},{\"@type\":\"BreadcrumbList\",\"@id\":\"https:\/\/ascensoresruiz.net\/val\/ascensors-alacant\/#breadcrumb\",\"itemListElement\":[{\"@type\":\"ListItem\",\"position\":1,\"name\":\"Home\",\"item\":\"https:\/\/ascensoresruiz.net\/val\/\"},{\"@type\":\"ListItem\",\"position\":2,\"name\":\"Ascensors Alacant\"}]},{\"@type\":\"WebSite\",\"@id\":\"https:\/\/ascensoresruiz.net\/val\/#website\",\"url\":\"https:\/\/ascensoresruiz.net\/val\/\",\"name\":\"Ascensores Ruiz\",\"description\":\"M\u00e9s de 100 anys treballant amb ascensors a Val\u00e8ncia\",\"publisher\":{\"@id\":\"https:\/\/ascensoresruiz.net\/val\/#organization\"},\"alternateName\":\"Ascensores Ruiz\",\"potentialAction\":[{\"@type\":\"SearchAction\",\"target\":{\"@type\":\"EntryPoint\",\"urlTemplate\":\"https:\/\/ascensoresruiz.net\/val\/?s={search_term_string}\"},\"query-input\":{\"@type\":\"PropertyValueSpecification\",\"valueRequired\":true,\"valueName\":\"search_term_string\"}}],\"inLanguage\":\"es\"},{\"@type\":\"Organization\",\"@id\":\"https:\/\/ascensoresruiz.net\/val\/#organization\",\"name\":\"Ascensores Ruiz\",\"alternateName\":\"Ascensores Ruiz\",\"url\":\"https:\/\/ascensoresruiz.net\/val\/\",\"logo\":{\"@type\":\"ImageObject\",\"inLanguage\":\"es\",\"@id\":\"https:\/\/ascensoresruiz.net\/val\/#\/schema\/logo\/image\/\",\"url\":\"https:\/\/ascensoresruiz.net\/val\/wp-content\/uploads\/2025\/12\/ascensores_ruiz_net_logo.webp\",\"contentUrl\":\"https:\/\/ascensoresruiz.net\/val\/wp-content\/uploads\/2025\/12\/ascensores_ruiz_net_logo.webp\",\"width\":125,\"height\":163,\"caption\":\"Ascensores Ruiz\"},\"image\":{\"@id\":\"https:\/\/ascensoresruiz.net\/val\/#\/schema\/logo\/image\/\"},\"sameAs\":[\"https:\/\/www.facebook.com\/pages\/Ascensores-Ruiz\/575215262553822?ref=hl\",\"https:\/\/www.linkedin.com\/company\/ascensores-valencia-ruiz\/\"]}]}<\/script>\n<!-- \/ Yoast SEO plugin. -->","yoast_head_json":{"title":"Ascensors Alacant. Elevadors Alacant","description":"En Ascensores Ruiz estamos especializados en el montaje de ascensores en Alicante en edificios de obra nueva y de antigua construcci\u00f3n y el mantenimiento","robots":{"index":"index","follow":"follow","max-snippet":"max-snippet:-1","max-image-preview":"max-image-preview:large","max-video-preview":"max-video-preview:-1"},"canonical":"https:\/\/ascensoresruiz.net\/val\/ascensors-alacant\/","og_locale":"es_ES","og_type":"article","og_title":"Ascensors Alacant. Elevadors Alacant","og_description":"En Ascensores Ruiz estamos especializados en el montaje de ascensores en Alicante en edificios de obra nueva y de antigua construcci\u00f3n y el mantenimiento","og_url":"https:\/\/ascensoresruiz.net\/val\/ascensors-alacant\/","og_site_name":"Ascensores Ruiz","article_publisher":"https:\/\/www.facebook.com\/pages\/Ascensores-Ruiz\/575215262553822?ref=hl","article_modified_time":"2024-02-05T10:45:07+00:00","og_image":[{"url":"https:\/\/ascensoresruiz.net\/val\/wp-content\/uploads\/2024\/02\/ascensores_ruiz_alicante.jpg","type":"","width":"","height":""}],"twitter_misc":{"Tiempo de lectura":"3 minutos"},"schema":{"@context":"https:\/\/schema.org","@graph":[{"@type":"WebPage","@id":"https:\/\/ascensoresruiz.net\/val\/ascensors-alacant\/","url":"https:\/\/ascensoresruiz.net\/val\/ascensors-alacant\/","name":"Ascensors Alacant. Elevadors Alacant","isPartOf":{"@id":"https:\/\/ascensoresruiz.net\/val\/#website"},"primaryImageOfPage":{"@id":"https:\/\/ascensoresruiz.net\/val\/ascensors-alacant\/#primaryimage"},"image":{"@id":"https:\/\/ascensoresruiz.net\/val\/ascensors-alacant\/#primaryimage"},"thumbnailUrl":"https:\/\/ascensoresruiz.net\/val\/wp-content\/uploads\/2024\/02\/ascensores_ruiz_alicante.jpg","datePublished":"2014-02-25T14:47:04+00:00","dateModified":"2024-02-05T10:45:07+00:00","description":"En Ascensores Ruiz estamos especializados en el montaje de ascensores en Alicante en edificios de obra nueva y de antigua construcci\u00f3n y el mantenimiento","breadcrumb":{"@id":"https:\/\/ascensoresruiz.net\/val\/ascensors-alacant\/#breadcrumb"},"inLanguage":"es","potentialAction":[{"@type":"ReadAction","target":["https:\/\/ascensoresruiz.net\/val\/ascensors-alacant\/"]}]},{"@type":"ImageObject","inLanguage":"es","@id":"https:\/\/ascensoresruiz.net\/val\/ascensors-alacant\/#primaryimage","url":"https:\/\/ascensoresruiz.net\/val\/wp-content\/uploads\/2024\/02\/ascensores_ruiz_alicante.jpg","contentUrl":"https:\/\/ascensoresruiz.net\/val\/wp-content\/uploads\/2024\/02\/ascensores_ruiz_alicante.jpg","width":400,"height":503,"caption":"ascensores ruiz alacant"},{"@type":"BreadcrumbList","@id":"https:\/\/ascensoresruiz.net\/val\/ascensors-alacant\/#breadcrumb","itemListElement":[{"@type":"ListItem","position":1,"name":"Home","item":"https:\/\/ascensoresruiz.net\/val\/"},{"@type":"ListItem","position":2,"name":"Ascensors Alacant"}]},{"@type":"WebSite","@id":"https:\/\/ascensoresruiz.net\/val\/#website","url":"https:\/\/ascensoresruiz.net\/val\/","name":"Ascensores Ruiz","description":"M\u00e9s de 100 anys treballant amb ascensors a Val\u00e8ncia","publisher":{"@id":"https:\/\/ascensoresruiz.net\/val\/#organization"},"alternateName":"Ascensores Ruiz","potentialAction":[{"@type":"SearchAction","target":{"@type":"EntryPoint","urlTemplate":"https:\/\/ascensoresruiz.net\/val\/?s={search_term_string}"},"query-input":{"@type":"PropertyValueSpecification","valueRequired":true,"valueName":"search_term_string"}}],"inLanguage":"es"},{"@type":"Organization","@id":"https:\/\/ascensoresruiz.net\/val\/#organization","name":"Ascensores Ruiz","alternateName":"Ascensores Ruiz","url":"https:\/\/ascensoresruiz.net\/val\/","logo":{"@type":"ImageObject","inLanguage":"es","@id":"https:\/\/ascensoresruiz.net\/val\/#\/schema\/logo\/image\/","url":"https:\/\/ascensoresruiz.net\/val\/wp-content\/uploads\/2025\/12\/ascensores_ruiz_net_logo.webp","contentUrl":"https:\/\/ascensoresruiz.net\/val\/wp-content\/uploads\/2025\/12\/ascensores_ruiz_net_logo.webp","width":125,"height":163,"caption":"Ascensores Ruiz"},"image":{"@id":"https:\/\/ascensoresruiz.net\/val\/#\/schema\/logo\/image\/"},"sameAs":["https:\/\/www.facebook.com\/pages\/Ascensores-Ruiz\/575215262553822?ref=hl","https:\/\/www.linkedin.com\/company\/ascensores-valencia-ruiz\/"]}]}},"_links":{"self":[{"href":"https:\/\/ascensoresruiz.net\/val\/wp-json\/wp\/v2\/pages\/68","targetHints":{"allow":["GET"]}}],"collection":[{"href":"https:\/\/ascensoresruiz.net\/val\/wp-json\/wp\/v2\/pages"}],"about":[{"href":"https:\/\/ascensoresruiz.net\/val\/wp-json\/wp\/v2\/types\/page"}],"author":[{"embeddable":true,"href":"https:\/\/ascensoresruiz.net\/val\/wp-json\/wp\/v2\/users\/1"}],"replies":[{"embeddable":true,"href":"https:\/\/ascensoresruiz.net\/val\/wp-json\/wp\/v2\/comments?post=68"}],"version-history":[{"count":8,"href":"https:\/\/ascensoresruiz.net\/val\/wp-json\/wp\/v2\/pages\/68\/revisions"}],"predecessor-version":[{"id":997,"href":"https:\/\/ascensoresruiz.net\/val\/wp-json\/wp\/v2\/pages\/68\/revisions\/997"}],"wp:attachment":[{"href":"https:\/\/ascensoresruiz.net\/val\/wp-json\/wp\/v2\/media?parent=68"}],"curies":[{"name":"wp","href":"https:\/\/api.w.org\/{rel}","templated":true}]}}