{"id":70,"date":"2014-02-25T14:49:04","date_gmt":"2014-02-25T14:49:04","guid":{"rendered":"https:\/\/ascensoresruiz.net\/?page_id=70"},"modified":"2024-02-05T09:25:38","modified_gmt":"2024-02-05T09:25:38","slug":"ascensors-castello","status":"publish","type":"page","link":"https:\/\/ascensoresruiz.net\/val\/ascensors-castello\/","title":{"rendered":"Ascensors Castell\u00f3"},"content":{"rendered":"<p><img loading=\"lazy\" decoding=\"async\" class=\"hello\" style=\"padding: 20px;\" src=\"https:\/\/ascensoresruiz.net\/val\/wp-content\/uploads\/2024\/02\/ascensores_ruiz_castello.jpg\" alt=\"ascensors castell\u00f3\" width=\"400\" height=\"601\" align=\"left\" \/><\/p>\n<h1>Ascensors Castell\u00f3<\/h1>\n<p>A <b>Ascensors Ruiz<\/b> estem orgullosos de poder oferir als nostres clients tant elevadors especialitzats en donar un servei a la llar, en qu\u00e8 el factor hum\u00e0 \u00e9s el m\u00e9s important, com altres l&#8217;\u00fas dels quals \u00e9s exclusivament laboral i als que els factors m\u00e9s valorats s\u00f3n la rapidesa, la resist\u00e8ncia i l&#8217;efic\u00e0cia.<\/p>\n<p>Aix\u00ed, quant a la primera l\u00ednia de <b>ascensors Castell\u00f3<\/b> a qu\u00e8 ens referim tenim una gran varietat de productes: <b>ascensors dom\u00e8stics, elevadors unifamiliars i pujaescales<\/b>. I \u00e9s que les llars amb diverses plantes poden suposar un problema a llarg termini si no prenem les mesures oportunes.<\/p>\n<p>Per aix\u00f2, des d&#8217;Ascensors Ruiz proposem aquestes tres solucions. <b>Els nostres elevadors dom\u00e8stics compten amb una amplada especial perqu\u00e8 una cadira de rodes entri i surti sense problemes<\/b>. A m\u00e9s, cuidem el factor est\u00e8tic.<\/p>\n<p>Per\u00f2 qu\u00e8 passa si no hi ha prou espai a casa seva com per poder muntar un ascensor. En aquests casos posem a la vostra disposici\u00f3 els pujaescales, un dispositiu segur i fiable que, normalment sense necessitat d&#8217;obres, s&#8217;instal\u00b7la a la vostra escala i us permet despla\u00e7ar-vos per les diferents al\u00e7ades de la vostra llar amb total llibertat.<\/p>\n<p>Per\u00f2 passem ara a parlar del tipus de <b>ascensor Castell\u00f3<\/b> que m\u00e9s li pot interessar en l&#8217;\u00e0mbit laboral.<\/p>\n<p><b>Assegurances, robustes, elegants i amb una capacitat de c\u00e0rrega i una velocitat adaptables en la seva fabricaci\u00f3 a les necessitats del client<\/b>, els nostres minic\u00e0rregues, muntac\u00e0rregues, plataformes elevadores i ascensors de cotxes s\u00f3n dels millors que trobareu al mercat.<\/p>\n<p>Els <b>minic\u00e0rregues estan pensats per transportar petites c\u00e0rregues de manera r\u00e0pida i efica\u00e7<\/b>. Els haurem vist, gaireb\u00e9 amb tota probabilitat, a restaurants, hotels i biblioteques.<\/p>\n<p>Els muntac\u00e0rregues, com els minic\u00e0rregues, s\u00f3n dispositius destinats per transportar tot tipus de c\u00e0rregues per\u00f2 aquestes suporten pesos molt\u00edssims m\u00e9s grans.<\/p>\n<p><b>Les plataformes elevadores pugen encara m\u00e9s pes que els muntac\u00e0rregues<\/b> i s\u00f3n especialment \u00fatils al m\u00f3n de l&#8217;espectacle a l&#8217;hora de fer escenaris m\u00f2bils.<\/p>\n<p><b>I els elevadors de cotxes, finalment, s\u00f3n capa\u00e7os de transportar tot tipus de vehicles, incloent-hi c\u00e0rrega i ocupants<\/b>.<\/p>\n<p>En conclusi\u00f3, tant si el que vol \u00e9s augmentar la qualitat de vida de la seva llar com si el que necessita \u00e9s reduir esfor\u00e7 i temps a l&#8217;hora de transportar tota mena de c\u00e0rregues a la feina, <b>a Ascensors Ruiz tenim la soluci\u00f3 que m\u00e9s li conv\u00e9<\/b>.<\/p>\n","protected":false},"excerpt":{"rendered":"<p>Ascensors Castell\u00f3 A Ascensors Ruiz estem orgullosos de poder oferir als nostres clients tant elevadors especialitzats en donar un servei a la llar, en qu\u00e8 el factor hum\u00e0 \u00e9s el m\u00e9s important, com altres l&#8217;\u00fas dels quals \u00e9s exclusivament laboral i als que els factors m\u00e9s valorats s\u00f3n la rapidesa, la resist\u00e8ncia i l&#8217;efic\u00e0cia. Aix\u00ed, [&hellip;]<\/p>\n","protected":false},"author":1,"featured_media":0,"parent":0,"menu_order":0,"comment_status":"closed","ping_status":"open","template":"","meta":{"_bbp_topic_count":0,"_bbp_reply_count":0,"_bbp_total_topic_count":0,"_bbp_total_reply_count":0,"_bbp_voice_count":0,"_bbp_anonymous_reply_count":0,"_bbp_topic_count_hidden":0,"_bbp_reply_count_hidden":0,"_bbp_forum_subforum_count":0,"footnotes":""},"class_list":["post-70","page","type-page","status-publish","hentry"],"yoast_head":"<!-- This site is optimized with the Yoast SEO plugin v27.5 - https:\/\/yoast.com\/product\/yoast-seo-wordpress\/ -->\n<title>Ascensors Castell\u00f3<\/title>\n<meta name=\"description\" content=\"ASCENSORS RUIZ. Elevadors, muntac\u00e0rregues, pujaescales i ascensors a Castell\u00f3n. Fabricaci\u00f3, instal\u00b7laci\u00f3 i manteniment\" \/>\n<meta name=\"robots\" content=\"index, follow, max-snippet:-1, max-image-preview:large, max-video-preview:-1\" \/>\n<link rel=\"canonical\" href=\"https:\/\/ascensoresruiz.net\/val\/ascensors-castello\/\" \/>\n<meta property=\"og:locale\" content=\"es_ES\" \/>\n<meta property=\"og:type\" content=\"article\" \/>\n<meta property=\"og:title\" content=\"Ascensors Castell\u00f3\" \/>\n<meta property=\"og:description\" content=\"ASCENSORS RUIZ. Elevadors, muntac\u00e0rregues, pujaescales i ascensors a Castell\u00f3n. Fabricaci\u00f3, instal\u00b7laci\u00f3 i manteniment\" \/>\n<meta property=\"og:url\" content=\"https:\/\/ascensoresruiz.net\/val\/ascensors-castello\/\" \/>\n<meta property=\"og:site_name\" content=\"Ascensores Ruiz\" \/>\n<meta property=\"article:publisher\" content=\"https:\/\/www.facebook.com\/pages\/Ascensores-Ruiz\/575215262553822?ref=hl\" \/>\n<meta property=\"article:modified_time\" content=\"2024-02-05T09:25:38+00:00\" \/>\n<meta property=\"og:image\" content=\"https:\/\/ascensoresruiz.net\/val\/wp-content\/uploads\/2024\/02\/ascensores_ruiz_castello.jpg\" \/>\n<meta name=\"twitter:label1\" content=\"Tiempo de lectura\" \/>\n\t<meta name=\"twitter:data1\" content=\"2 minutos\" \/>\n<script type=\"application\/ld+json\" class=\"yoast-schema-graph\">{\"@context\":\"https:\\\/\\\/schema.org\",\"@graph\":[{\"@type\":\"WebPage\",\"@id\":\"https:\\\/\\\/ascensoresruiz.net\\\/val\\\/ascensors-castello\\\/\",\"url\":\"https:\\\/\\\/ascensoresruiz.net\\\/val\\\/ascensors-castello\\\/\",\"name\":\"Ascensors Castell\u00f3\",\"isPartOf\":{\"@id\":\"https:\\\/\\\/ascensoresruiz.net\\\/val\\\/#website\"},\"primaryImageOfPage\":{\"@id\":\"https:\\\/\\\/ascensoresruiz.net\\\/val\\\/ascensors-castello\\\/#primaryimage\"},\"image\":{\"@id\":\"https:\\\/\\\/ascensoresruiz.net\\\/val\\\/ascensors-castello\\\/#primaryimage\"},\"thumbnailUrl\":\"https:\\\/\\\/ascensoresruiz.net\\\/val\\\/wp-content\\\/uploads\\\/2024\\\/02\\\/ascensores_ruiz_castello.jpg\",\"datePublished\":\"2014-02-25T14:49:04+00:00\",\"dateModified\":\"2024-02-05T09:25:38+00:00\",\"description\":\"ASCENSORS RUIZ. Elevadors, muntac\u00e0rregues, pujaescales i ascensors a Castell\u00f3n. Fabricaci\u00f3, instal\u00b7laci\u00f3 i manteniment\",\"breadcrumb\":{\"@id\":\"https:\\\/\\\/ascensoresruiz.net\\\/val\\\/ascensors-castello\\\/#breadcrumb\"},\"inLanguage\":\"es\",\"potentialAction\":[{\"@type\":\"ReadAction\",\"target\":[\"https:\\\/\\\/ascensoresruiz.net\\\/val\\\/ascensors-castello\\\/\"]}]},{\"@type\":\"ImageObject\",\"inLanguage\":\"es\",\"@id\":\"https:\\\/\\\/ascensoresruiz.net\\\/val\\\/ascensors-castello\\\/#primaryimage\",\"url\":\"https:\\\/\\\/ascensoresruiz.net\\\/val\\\/wp-content\\\/uploads\\\/2024\\\/02\\\/ascensores_ruiz_castello.jpg\",\"contentUrl\":\"https:\\\/\\\/ascensoresruiz.net\\\/val\\\/wp-content\\\/uploads\\\/2024\\\/02\\\/ascensores_ruiz_castello.jpg\",\"width\":400,\"height\":601,\"caption\":\"ascensores ruiz castello\"},{\"@type\":\"BreadcrumbList\",\"@id\":\"https:\\\/\\\/ascensoresruiz.net\\\/val\\\/ascensors-castello\\\/#breadcrumb\",\"itemListElement\":[{\"@type\":\"ListItem\",\"position\":1,\"name\":\"Home\",\"item\":\"https:\\\/\\\/ascensoresruiz.net\\\/val\\\/\"},{\"@type\":\"ListItem\",\"position\":2,\"name\":\"Ascensors Castell\u00f3\"}]},{\"@type\":\"WebSite\",\"@id\":\"https:\\\/\\\/ascensoresruiz.net\\\/val\\\/#website\",\"url\":\"https:\\\/\\\/ascensoresruiz.net\\\/val\\\/\",\"name\":\"Ascensores Ruiz\",\"description\":\"M\u00e9s de 100 anys treballant amb ascensors a Val\u00e8ncia\",\"publisher\":{\"@id\":\"https:\\\/\\\/ascensoresruiz.net\\\/val\\\/#organization\"},\"alternateName\":\"Ascensores Ruiz\",\"potentialAction\":[{\"@type\":\"SearchAction\",\"target\":{\"@type\":\"EntryPoint\",\"urlTemplate\":\"https:\\\/\\\/ascensoresruiz.net\\\/val\\\/?s={search_term_string}\"},\"query-input\":{\"@type\":\"PropertyValueSpecification\",\"valueRequired\":true,\"valueName\":\"search_term_string\"}}],\"inLanguage\":\"es\"},{\"@type\":\"Organization\",\"@id\":\"https:\\\/\\\/ascensoresruiz.net\\\/val\\\/#organization\",\"name\":\"Ascensores Ruiz\",\"alternateName\":\"Ascensores Ruiz\",\"url\":\"https:\\\/\\\/ascensoresruiz.net\\\/val\\\/\",\"logo\":{\"@type\":\"ImageObject\",\"inLanguage\":\"es\",\"@id\":\"https:\\\/\\\/ascensoresruiz.net\\\/val\\\/#\\\/schema\\\/logo\\\/image\\\/\",\"url\":\"https:\\\/\\\/ascensoresruiz.net\\\/val\\\/wp-content\\\/uploads\\\/2025\\\/12\\\/ascensores_ruiz_net_logo.webp\",\"contentUrl\":\"https:\\\/\\\/ascensoresruiz.net\\\/val\\\/wp-content\\\/uploads\\\/2025\\\/12\\\/ascensores_ruiz_net_logo.webp\",\"width\":125,\"height\":163,\"caption\":\"Ascensores Ruiz\"},\"image\":{\"@id\":\"https:\\\/\\\/ascensoresruiz.net\\\/val\\\/#\\\/schema\\\/logo\\\/image\\\/\"},\"sameAs\":[\"https:\\\/\\\/www.facebook.com\\\/pages\\\/Ascensores-Ruiz\\\/575215262553822?ref=hl\",\"https:\\\/\\\/www.linkedin.com\\\/company\\\/ascensores-valencia-ruiz\\\/\"]}]}<\/script>\n<!-- \/ Yoast SEO plugin. -->","yoast_head_json":{"title":"Ascensors Castell\u00f3","description":"ASCENSORS RUIZ. Elevadors, muntac\u00e0rregues, pujaescales i ascensors a Castell\u00f3n. Fabricaci\u00f3, instal\u00b7laci\u00f3 i manteniment","robots":{"index":"index","follow":"follow","max-snippet":"max-snippet:-1","max-image-preview":"max-image-preview:large","max-video-preview":"max-video-preview:-1"},"canonical":"https:\/\/ascensoresruiz.net\/val\/ascensors-castello\/","og_locale":"es_ES","og_type":"article","og_title":"Ascensors Castell\u00f3","og_description":"ASCENSORS RUIZ. Elevadors, muntac\u00e0rregues, pujaescales i ascensors a Castell\u00f3n. Fabricaci\u00f3, instal\u00b7laci\u00f3 i manteniment","og_url":"https:\/\/ascensoresruiz.net\/val\/ascensors-castello\/","og_site_name":"Ascensores Ruiz","article_publisher":"https:\/\/www.facebook.com\/pages\/Ascensores-Ruiz\/575215262553822?ref=hl","article_modified_time":"2024-02-05T09:25:38+00:00","og_image":[{"url":"https:\/\/ascensoresruiz.net\/val\/wp-content\/uploads\/2024\/02\/ascensores_ruiz_castello.jpg","type":"","width":"","height":""}],"twitter_misc":{"Tiempo de lectura":"2 minutos"},"schema":{"@context":"https:\/\/schema.org","@graph":[{"@type":"WebPage","@id":"https:\/\/ascensoresruiz.net\/val\/ascensors-castello\/","url":"https:\/\/ascensoresruiz.net\/val\/ascensors-castello\/","name":"Ascensors Castell\u00f3","isPartOf":{"@id":"https:\/\/ascensoresruiz.net\/val\/#website"},"primaryImageOfPage":{"@id":"https:\/\/ascensoresruiz.net\/val\/ascensors-castello\/#primaryimage"},"image":{"@id":"https:\/\/ascensoresruiz.net\/val\/ascensors-castello\/#primaryimage"},"thumbnailUrl":"https:\/\/ascensoresruiz.net\/val\/wp-content\/uploads\/2024\/02\/ascensores_ruiz_castello.jpg","datePublished":"2014-02-25T14:49:04+00:00","dateModified":"2024-02-05T09:25:38+00:00","description":"ASCENSORS RUIZ. Elevadors, muntac\u00e0rregues, pujaescales i ascensors a Castell\u00f3n. Fabricaci\u00f3, instal\u00b7laci\u00f3 i manteniment","breadcrumb":{"@id":"https:\/\/ascensoresruiz.net\/val\/ascensors-castello\/#breadcrumb"},"inLanguage":"es","potentialAction":[{"@type":"ReadAction","target":["https:\/\/ascensoresruiz.net\/val\/ascensors-castello\/"]}]},{"@type":"ImageObject","inLanguage":"es","@id":"https:\/\/ascensoresruiz.net\/val\/ascensors-castello\/#primaryimage","url":"https:\/\/ascensoresruiz.net\/val\/wp-content\/uploads\/2024\/02\/ascensores_ruiz_castello.jpg","contentUrl":"https:\/\/ascensoresruiz.net\/val\/wp-content\/uploads\/2024\/02\/ascensores_ruiz_castello.jpg","width":400,"height":601,"caption":"ascensores ruiz castello"},{"@type":"BreadcrumbList","@id":"https:\/\/ascensoresruiz.net\/val\/ascensors-castello\/#breadcrumb","itemListElement":[{"@type":"ListItem","position":1,"name":"Home","item":"https:\/\/ascensoresruiz.net\/val\/"},{"@type":"ListItem","position":2,"name":"Ascensors Castell\u00f3"}]},{"@type":"WebSite","@id":"https:\/\/ascensoresruiz.net\/val\/#website","url":"https:\/\/ascensoresruiz.net\/val\/","name":"Ascensores Ruiz","description":"M\u00e9s de 100 anys treballant amb ascensors a Val\u00e8ncia","publisher":{"@id":"https:\/\/ascensoresruiz.net\/val\/#organization"},"alternateName":"Ascensores Ruiz","potentialAction":[{"@type":"SearchAction","target":{"@type":"EntryPoint","urlTemplate":"https:\/\/ascensoresruiz.net\/val\/?s={search_term_string}"},"query-input":{"@type":"PropertyValueSpecification","valueRequired":true,"valueName":"search_term_string"}}],"inLanguage":"es"},{"@type":"Organization","@id":"https:\/\/ascensoresruiz.net\/val\/#organization","name":"Ascensores Ruiz","alternateName":"Ascensores Ruiz","url":"https:\/\/ascensoresruiz.net\/val\/","logo":{"@type":"ImageObject","inLanguage":"es","@id":"https:\/\/ascensoresruiz.net\/val\/#\/schema\/logo\/image\/","url":"https:\/\/ascensoresruiz.net\/val\/wp-content\/uploads\/2025\/12\/ascensores_ruiz_net_logo.webp","contentUrl":"https:\/\/ascensoresruiz.net\/val\/wp-content\/uploads\/2025\/12\/ascensores_ruiz_net_logo.webp","width":125,"height":163,"caption":"Ascensores Ruiz"},"image":{"@id":"https:\/\/ascensoresruiz.net\/val\/#\/schema\/logo\/image\/"},"sameAs":["https:\/\/www.facebook.com\/pages\/Ascensores-Ruiz\/575215262553822?ref=hl","https:\/\/www.linkedin.com\/company\/ascensores-valencia-ruiz\/"]}]}},"_links":{"self":[{"href":"https:\/\/ascensoresruiz.net\/val\/wp-json\/wp\/v2\/pages\/70","targetHints":{"allow":["GET"]}}],"collection":[{"href":"https:\/\/ascensoresruiz.net\/val\/wp-json\/wp\/v2\/pages"}],"about":[{"href":"https:\/\/ascensoresruiz.net\/val\/wp-json\/wp\/v2\/types\/page"}],"author":[{"embeddable":true,"href":"https:\/\/ascensoresruiz.net\/val\/wp-json\/wp\/v2\/users\/1"}],"replies":[{"embeddable":true,"href":"https:\/\/ascensoresruiz.net\/val\/wp-json\/wp\/v2\/comments?post=70"}],"version-history":[{"count":11,"href":"https:\/\/ascensoresruiz.net\/val\/wp-json\/wp\/v2\/pages\/70\/revisions"}],"predecessor-version":[{"id":989,"href":"https:\/\/ascensoresruiz.net\/val\/wp-json\/wp\/v2\/pages\/70\/revisions\/989"}],"wp:attachment":[{"href":"https:\/\/ascensoresruiz.net\/val\/wp-json\/wp\/v2\/media?parent=70"}],"curies":[{"name":"wp","href":"https:\/\/api.w.org\/{rel}","templated":true}]}}